{"id":14,"date":"2019-05-06T06:38:13","date_gmt":"2019-05-06T06:38:13","guid":{"rendered":"http:\/\/localhost\/johnfirm\/?page_id=14"},"modified":"2023-07-11T15:15:12","modified_gmt":"2023-07-11T13:15:12","slug":"o-meni","status":"publish","type":"page","link":"https:\/\/odvjetnik-kozjak.hr\/de\/o-meni\/","title":{"rendered":"\u00dcber mich"},"content":{"rendered":"<div data-elementor-type=\"wp-page\" data-elementor-id=\"14\" class=\"elementor elementor-14\">\n\t\t\t\t\t\t\t\t\t<section class=\"elementor-section elementor-top-section elementor-element elementor-element-3c3a643 elementor-section-stretched elementor-section-content-middle elementor-section-boxed elementor-section-height-default elementor-section-height-default\" data-id=\"3c3a643\" data-element_type=\"section\" data-settings=\"{&quot;stretch_section&quot;:&quot;section-stretched&quot;}\">\n\t\t\t\t\t\t<div class=\"elementor-container elementor-column-gap-default\">\n\t\t\t\t\t<div class=\"elementor-column elementor-col-33 elementor-top-column elementor-element elementor-element-b5b632a\" data-id=\"b5b632a\" data-element_type=\"column\">\n\t\t\t<div class=\"elementor-widget-wrap elementor-element-populated\">\n\t\t\t\t\t\t\t\t<div class=\"elementor-element elementor-element-6f059c8 elementor-widget elementor-widget-image\" data-id=\"6f059c8\" data-element_type=\"widget\" data-widget_type=\"image.default\">\n\t\t\t\t<div class=\"elementor-widget-container\">\n\t\t\t<style>\/*! elementor - v3.14.0 - 26-06-2023 *\/\n.elementor-widget-image{text-align:center}.elementor-widget-image a{display:inline-block}.elementor-widget-image a img[src$=\".svg\"]{width:48px}.elementor-widget-image img{vertical-align:middle;display:inline-block}<\/style>\t\t\t\t\t\t\t\t\t\t\t\t<img decoding=\"async\" width=\"1770\" height=\"2337\" src=\"https:\/\/odvjetnik-kozjak.hr\/wp-content\/uploads\/2023\/07\/DSC09997b.jpg\" class=\"attachment-full size-full wp-image-6758\" alt=\"\" loading=\"lazy\" srcset=\"https:\/\/odvjetnik-kozjak.hr\/wp-content\/uploads\/2023\/07\/DSC09997b.jpg 1770w, https:\/\/odvjetnik-kozjak.hr\/wp-content\/uploads\/2023\/07\/DSC09997b-227x300.jpg 227w, https:\/\/odvjetnik-kozjak.hr\/wp-content\/uploads\/2023\/07\/DSC09997b-776x1024.jpg 776w, https:\/\/odvjetnik-kozjak.hr\/wp-content\/uploads\/2023\/07\/DSC09997b-768x1014.jpg 768w, https:\/\/odvjetnik-kozjak.hr\/wp-content\/uploads\/2023\/07\/DSC09997b-1163x1536.jpg 1163w, https:\/\/odvjetnik-kozjak.hr\/wp-content\/uploads\/2023\/07\/DSC09997b-1551x2048.jpg 1551w, https:\/\/odvjetnik-kozjak.hr\/wp-content\/uploads\/2023\/07\/DSC09997b-9x12.jpg 9w\" sizes=\"(max-width: 1770px) 100vw, 1770px\" \/>\t\t\t\t\t\t\t\t\t\t\t\t\t\t\t<\/div>\n\t\t\t\t<\/div>\n\t\t\t\t\t<\/div>\n\t\t<\/div>\n\t\t\t\t<div class=\"elementor-column elementor-col-66 elementor-top-column elementor-element elementor-element-8029aaa\" data-id=\"8029aaa\" data-element_type=\"column\">\n\t\t\t<div class=\"elementor-widget-wrap elementor-element-populated\">\n\t\t\t\t\t\t\t\t<div class=\"elementor-element elementor-element-c82d73a elementor-widget elementor-widget-prelements-heading\" data-id=\"c82d73a\" data-element_type=\"widget\" data-widget_type=\"prelements-heading.default\">\n\t\t\t\t<div class=\"elementor-widget-container\">\n\t\t\t\r\n        <div class=\"prelements-heading default animate-\">\r\n        \t<div class=\"title-inner\">        \t\t      \t\t\r\n\t            <span class=\"sub-text\">\u00dcber mich<\/span><h2 class=\"title\"><span class=\"watermark\"><\/span>Ein Anwalt mit Erfahrung<\/h2>\t\t\t\t\r\n\t\t\t\t\t        <\/div>\r\n\t                    \t<div class=\"description\">\r\n            \t\t<p style=\"text-align: justify\">Boris Kozjak ist ein erfahrener Anwalt mit langj\u00e4hriger Erfahrung in der Anwaltschaft und einer der f\u00fchrenden Experten auf dem Gebiet des Rechts und des Menschenrechtsschutzes. Mit einer Leidenschaft f\u00fcr Gerechtigkeit und einem starken Engagement f\u00fcr den Schutz der Menschenrechte baute Boris nach seinem Abschluss an der juristischen Fakult\u00e4t in Zagreb im Jahr 1987 erfolgreich seine juristische Karriere auf.<\/p><p style=\"text-align: justify\">Im Laufe seiner Karriere pr\u00e4gte Boris seine juristische Erfahrung durch eine Reihe beruflicher Rollen. In den Jahren 1995 und 2001 absolvierte er mit Unterst\u00fctzung der Bonner Stiftung f\u00fcr Internationale Zusammenarbeit seine Fachanwaltsausbildung in der Rechtsanwaltskanzlei der Bundesrepublik Deutschland. Dar\u00fcber hinaus wurde Boris 1997 zum st\u00e4ndigen Gerichtsdolmetscher f\u00fcr die deutsche Sprache ernannt und beteiligte sich aktiv an Prozessen vor dem Europ\u00e4ischen Gerichtshof f\u00fcr Menschenrechte des Europarats in Stra\u00dfburg, wobei er sieben F\u00e4lle gewann.<\/p><p style=\"text-align: justify\">Boris steht au\u00dferdem auf der Liste der Anw\u00e4lte der Botschaften der Vereinigten Staaten von Amerika und der Bundesrepublik Deutschland und arbeitet seit 2014 als freiberuflicher Dolmetscher f\u00fcr den Europ\u00e4ischen Gerichtshof von Luxemburg aus. Als niedergelassener Gerichtsdolmetscher f\u00fcr die deutsche Sprache f\u00fchrt Boris erfolgreich Korrespondenz auf Deutsch und Englisch und bietet seinen Mandanten einen qualitativ hochwertigen Service auf internationaler Ebene.<\/p>            \t\t\r\n            \t<\/div>\r\n        \t        <\/div>\r\n        \t\t<\/div>\n\t\t\t\t<\/div>\n\t\t\t\t\t<\/div>\n\t\t<\/div>\n\t\t\t\t\t\t\t<\/div>\n\t\t<\/section>\n\t\t\t\t<section class=\"elementor-section elementor-top-section elementor-element elementor-element-38e2734 elementor-section-stretched elementor-section-content-middle elementor-section-boxed elementor-section-height-default elementor-section-height-default\" data-id=\"38e2734\" data-element_type=\"section\" data-settings=\"{&quot;stretch_section&quot;:&quot;section-stretched&quot;}\">\n\t\t\t\t\t\t<div class=\"elementor-container elementor-column-gap-default\">\n\t\t\t\t\t<div class=\"elementor-column elementor-col-100 elementor-top-column elementor-element elementor-element-1a76d6e\" data-id=\"1a76d6e\" data-element_type=\"column\">\n\t\t\t<div class=\"elementor-widget-wrap elementor-element-populated\">\n\t\t\t\t\t\t\t\t<div class=\"elementor-element elementor-element-d803864 elementor-widget elementor-widget-prelements-heading\" data-id=\"d803864\" data-element_type=\"widget\" data-widget_type=\"prelements-heading.default\">\n\t\t\t\t<div class=\"elementor-widget-container\">\n\t\t\t\r\n        <div class=\"prelements-heading default animate-\">\r\n        \t<div class=\"title-inner\">        \t\t      \t\t\r\n\t            \t\t\t\t\r\n\t\t\t\t\t        <\/div>\r\n\t                    \t<div class=\"description\">\r\n            \t\t<p style=\"text-align: justify\">Boris Kozjaks gr\u00f6\u00dfter Erfolg als Anwalt ist das positive Ergebnis im Fall Kova\u010d gegen Kroatien (Beschwerde Nr. 503\/05) vor dem Europ\u00e4ischen Gerichtshof f\u00fcr Menschenrechte des Europarats in Stra\u00dfburg. Als engagierter Verteidiger argumentierte Boris in allen Instanzen in Kroatien f\u00fcr m\u00f6gliche Menschenrechtsverletzungen gegen seinen Mandanten. Dieser komplexe Fall durchlief fast f\u00fcnf Instanzen, und Boris hob vor jeder Instanz den Fall der Menschenrechtsverletzung mit starken Argumenten hervor. Schlie\u00dflich akzeptierte der Europ\u00e4ische Gerichtshof f\u00fcr Menschenrechte des Europarats in Stra\u00dfburg seine Argumente und wurde zu einem Schl\u00fcsselmoment f\u00fcr den Schutz der Menschenrechte und die Verwirklichung der Gerechtigkeit.<\/p><p style=\"text-align: justify\">Boris Kozjak beteiligte sich aktiv als Anwalt vor dem Europ\u00e4ischen Gerichtshof f\u00fcr Menschenrechte des Europarats in Stra\u00dfburg und erzielte in mehreren wichtigen F\u00e4llen bedeutende Ergebnisse. Zu seinen Erfolgen z\u00e4hlen:<\/p><ul style=\"text-align: justify\"><li>Gudeljevi\u0107 v. Croatia, Application no. 18431\/02<\/li><li>Camasso v. Croatia, Application no. 15733\/02<\/li><li>Luli\u0107 i Backer v. Croatia, Application no. 22857\/02<\/li><li>Studio G3 v. Croatia, Application no. 72233\/01<\/li><li>Mu\u017eenjak v. Croatia, Application no. 73564\/01<\/li><li>Kova\u010d v. Croatia, Application no. 503\/05<\/li><li>Babi\u0107 v. Croatia, Application no. 45391\/16<\/li><\/ul><p>\u00a0<\/p><p style=\"text-align: justify\">In den Jahren 2011, 2012, 2013, 2014, 2015, 2017, 2019, 2020, 2021 und 2022 beteiligt sich Boris an dem globalen Rechtsprojekt (The World Justice Project, 1025 Vermont Ave NW, Suite 1200 Washington, DC), wo er t\u00e4tig war eingeladen, die Rechtsstaatlichkeit in Kroatien zu bewerten. Die Sponsoren des Projekts sind unter anderem die verstorbenen Madeleine Albright und Robert Badinter.<\/p><p style=\"text-align: justify\">Boris Kozjak steht auf der Liste der Anw\u00e4lte der Botschaften der Vereinigten Staaten von Amerika und der Bundesrepublik Deutschland, die den Mandanten dieser Institutionen hochwertige Rechtsdienstleistungen anbieten. Seit 2014 ist Boris als freiberuflicher Dolmetscher f\u00fcr den Europ\u00e4ischen Gerichtshof in Luxemburg t\u00e4tig und erbringt seine Dolmetschleistungen auf hohem Niveau. Als festangestellter Gerichtsdolmetscher f\u00fcr die deutsche Sprache ist Boris befugt, in Gerichtsverfahren amtliche Dolmetschleistungen zu erbringen. Aufgrund seiner Sprachkenntnisse ist Boris in der Lage, Korrespondenz und Kommunikation sowohl auf Deutsch als auch auf Englisch zu f\u00fchren und sicherzustellen, dass die rechtlichen Bed\u00fcrfnisse der Mandanten ordnungsgem\u00e4\u00df und effektiv kommuniziert werden.<\/p><p>Boris schreibt Fachartikel f\u00fcr die Zeitschrift \u201eOdvjetnik\u201c\u00a0<\/p>            \t\t\r\n            \t<\/div>\r\n        \t        <\/div>\r\n        \t\t<\/div>\n\t\t\t\t<\/div>\n\t\t\t\t<div class=\"elementor-element elementor-element-359ff07 elementor-widget elementor-widget-image\" data-id=\"359ff07\" data-element_type=\"widget\" data-widget_type=\"image.default\">\n\t\t\t\t<div class=\"elementor-widget-container\">\n\t\t\t\t\t\t\t\t\t\t\t\t\t\t\t<img decoding=\"async\" width=\"2528\" height=\"1896\" src=\"https:\/\/odvjetnik-kozjak.hr\/wp-content\/uploads\/2023\/07\/DSC_0063.jpg\" class=\"attachment-full size-full wp-image-6757\" alt=\"\" loading=\"lazy\" srcset=\"https:\/\/odvjetnik-kozjak.hr\/wp-content\/uploads\/2023\/07\/DSC_0063.jpg 2528w, https:\/\/odvjetnik-kozjak.hr\/wp-content\/uploads\/2023\/07\/DSC_0063-300x225.jpg 300w, https:\/\/odvjetnik-kozjak.hr\/wp-content\/uploads\/2023\/07\/DSC_0063-1024x768.jpg 1024w, https:\/\/odvjetnik-kozjak.hr\/wp-content\/uploads\/2023\/07\/DSC_0063-768x576.jpg 768w, https:\/\/odvjetnik-kozjak.hr\/wp-content\/uploads\/2023\/07\/DSC_0063-1536x1152.jpg 1536w, https:\/\/odvjetnik-kozjak.hr\/wp-content\/uploads\/2023\/07\/DSC_0063-2048x1536.jpg 2048w, https:\/\/odvjetnik-kozjak.hr\/wp-content\/uploads\/2023\/07\/DSC_0063-16x12.jpg 16w, https:\/\/odvjetnik-kozjak.hr\/wp-content\/uploads\/2023\/07\/DSC_0063-80x60.jpg 80w\" sizes=\"(max-width: 2528px) 100vw, 2528px\" \/>\t\t\t\t\t\t\t\t\t\t\t\t\t\t\t<\/div>\n\t\t\t\t<\/div>\n\t\t\t\t\t<\/div>\n\t\t<\/div>\n\t\t\t\t\t\t\t<\/div>\n\t\t<\/section>\n\t\t<div class=\"elementor-element elementor-element-edba5a2 e-flex e-con-boxed e-con\" data-id=\"edba5a2\" data-element_type=\"container\" data-settings=\"{&quot;content_width&quot;:&quot;boxed&quot;}\">\n\t\t\t\t\t<div class=\"e-con-inner\">\n\t\t\t\t<div class=\"elementor-element elementor-element-e3648b4 elementor-widget elementor-widget-text-editor\" data-id=\"e3648b4\" data-element_type=\"widget\" data-widget_type=\"text-editor.default\">\n\t\t\t\t<div class=\"elementor-widget-container\">\n\t\t\t<style>\/*! elementor - v3.14.0 - 26-06-2023 *\/\n.elementor-widget-text-editor.elementor-drop-cap-view-stacked .elementor-drop-cap{background-color:#69727d;color:#fff}.elementor-widget-text-editor.elementor-drop-cap-view-framed .elementor-drop-cap{color:#69727d;border:3px solid;background-color:transparent}.elementor-widget-text-editor:not(.elementor-drop-cap-view-default) .elementor-drop-cap{margin-top:8px}.elementor-widget-text-editor:not(.elementor-drop-cap-view-default) .elementor-drop-cap-letter{width:1em;height:1em}.elementor-widget-text-editor .elementor-drop-cap{float:left;text-align:center;line-height:1;font-size:50px}.elementor-widget-text-editor .elementor-drop-cap-letter{display:inline-block}<\/style>\t\t\t\t\t\t\t\t\t\t<\/div>\n\t\t\t\t<\/div>\n\t\t\t\t\t<\/div>\n\t\t\t\t<\/div>\n\t\t\t\t\t\t\t<\/div>","protected":false},"excerpt":{"rendered":"<p>O meni Odvjetnik s iskustvom Boris Kozjak iskusni je odvjetnik s dugogodi\u0161njim iskustvom u pravnoj struci i jedan je od vode\u0107ih stru\u010dnjaka u podru\u010dju prava i za\u0161tite ljudskih prava. Sa stra\u0161\u0107u za pravdom i sna\u017enom predano\u0161\u0107u za\u0161titi ljudskih prava, Boris je uspje\u0161no izgradio svoju pravnu karijeru nakon \u0161to je 1987. diplomirao na Pravnom fakultetu u&#8230;<\/p>","protected":false},"author":1,"featured_media":0,"parent":0,"menu_order":0,"comment_status":"closed","ping_status":"closed","template":"","meta":[],"yoast_head":"<!-- This site is optimized with the Yoast SEO plugin v20.11 - https:\/\/yoast.com\/wordpress\/plugins\/seo\/ -->\n<title>O meni - Odvjetnik Kozjak<\/title>\n<meta name=\"robots\" content=\"index, follow, max-snippet:-1, max-image-preview:large, max-video-preview:-1\" \/>\n<link rel=\"canonical\" href=\"https:\/\/odvjetnik-kozjak.hr\/de\/o-meni\/\" \/>\n<meta property=\"og:locale\" content=\"de_DE\" \/>\n<meta property=\"og:type\" content=\"article\" \/>\n<meta property=\"og:title\" content=\"O meni - Odvjetnik Kozjak\" \/>\n<meta property=\"og:description\" content=\"O meni Odvjetnik s iskustvom Boris Kozjak iskusni je odvjetnik s dugogodi\u0161njim iskustvom u pravnoj struci i jedan je od vode\u0107ih stru\u010dnjaka u podru\u010dju prava i za\u0161tite ljudskih prava. Sa stra\u0161\u0107u za pravdom i sna\u017enom predano\u0161\u0107u za\u0161titi ljudskih prava, Boris je uspje\u0161no izgradio svoju pravnu karijeru nakon \u0161to je 1987. diplomirao na Pravnom fakultetu u...\" \/>\n<meta property=\"og:url\" content=\"https:\/\/odvjetnik-kozjak.hr\/de\/o-meni\/\" \/>\n<meta property=\"og:site_name\" content=\"Odvjetnik Kozjak\" \/>\n<meta property=\"article:modified_time\" content=\"2023-07-11T13:15:12+00:00\" \/>\n<meta property=\"og:image\" content=\"https:\/\/odvjetnik-kozjak.hr\/wp-content\/uploads\/2023\/07\/DSC09997b.jpg\" \/>\n<meta name=\"twitter:card\" content=\"summary_large_image\" \/>\n<meta name=\"twitter:label1\" content=\"Gesch\u00e4tzte Lesezeit\" \/>\n\t<meta name=\"twitter:data1\" content=\"4\u00a0Minuten\" \/>\n<script type=\"application\/ld+json\" class=\"yoast-schema-graph\">{\"@context\":\"https:\/\/schema.org\",\"@graph\":[{\"@type\":\"WebPage\",\"@id\":\"https:\/\/odvjetnik-kozjak.hr\/o-meni\/\",\"url\":\"https:\/\/odvjetnik-kozjak.hr\/o-meni\/\",\"name\":\"O meni - Odvjetnik Kozjak\",\"isPartOf\":{\"@id\":\"https:\/\/odvjetnik-kozjak.hr\/#website\"},\"datePublished\":\"2019-05-06T06:38:13+00:00\",\"dateModified\":\"2023-07-11T13:15:12+00:00\",\"breadcrumb\":{\"@id\":\"https:\/\/odvjetnik-kozjak.hr\/o-meni\/#breadcrumb\"},\"inLanguage\":\"de\",\"potentialAction\":[{\"@type\":\"ReadAction\",\"target\":[\"https:\/\/odvjetnik-kozjak.hr\/o-meni\/\"]}]},{\"@type\":\"BreadcrumbList\",\"@id\":\"https:\/\/odvjetnik-kozjak.hr\/o-meni\/#breadcrumb\",\"itemListElement\":[{\"@type\":\"ListItem\",\"position\":1,\"name\":\"Po\u010detna stranica\",\"item\":\"https:\/\/odvjetnik-kozjak.hr\/\"},{\"@type\":\"ListItem\",\"position\":2,\"name\":\"O meni\"}]},{\"@type\":\"WebSite\",\"@id\":\"https:\/\/odvjetnik-kozjak.hr\/#website\",\"url\":\"https:\/\/odvjetnik-kozjak.hr\/\",\"name\":\"Odvjetnik Boris Kozjak\",\"description\":\"Odvjetni\u010dki ured\",\"potentialAction\":[{\"@type\":\"SearchAction\",\"target\":{\"@type\":\"EntryPoint\",\"urlTemplate\":\"https:\/\/odvjetnik-kozjak.hr\/?s={search_term_string}\"},\"query-input\":\"required name=search_term_string\"}],\"inLanguage\":\"de\"}]}<\/script>\n<!-- \/ Yoast SEO plugin. -->","yoast_head_json":{"title":"O meni - Odvjetnik Kozjak","robots":{"index":"index","follow":"follow","max-snippet":"max-snippet:-1","max-image-preview":"max-image-preview:large","max-video-preview":"max-video-preview:-1"},"canonical":"https:\/\/odvjetnik-kozjak.hr\/de\/o-meni\/","og_locale":"de_DE","og_type":"article","og_title":"O meni - Odvjetnik Kozjak","og_description":"O meni Odvjetnik s iskustvom Boris Kozjak iskusni je odvjetnik s dugogodi\u0161njim iskustvom u pravnoj struci i jedan je od vode\u0107ih stru\u010dnjaka u podru\u010dju prava i za\u0161tite ljudskih prava. Sa stra\u0161\u0107u za pravdom i sna\u017enom predano\u0161\u0107u za\u0161titi ljudskih prava, Boris je uspje\u0161no izgradio svoju pravnu karijeru nakon \u0161to je 1987. diplomirao na Pravnom fakultetu u...","og_url":"https:\/\/odvjetnik-kozjak.hr\/de\/o-meni\/","og_site_name":"Odvjetnik Kozjak","article_modified_time":"2023-07-11T13:15:12+00:00","og_image":[{"url":"https:\/\/odvjetnik-kozjak.hr\/wp-content\/uploads\/2023\/07\/DSC09997b.jpg"}],"twitter_card":"summary_large_image","twitter_misc":{"Gesch\u00e4tzte Lesezeit":"4\u00a0Minuten"},"schema":{"@context":"https:\/\/schema.org","@graph":[{"@type":"WebPage","@id":"https:\/\/odvjetnik-kozjak.hr\/o-meni\/","url":"https:\/\/odvjetnik-kozjak.hr\/o-meni\/","name":"O meni - Odvjetnik Kozjak","isPartOf":{"@id":"https:\/\/odvjetnik-kozjak.hr\/#website"},"datePublished":"2019-05-06T06:38:13+00:00","dateModified":"2023-07-11T13:15:12+00:00","breadcrumb":{"@id":"https:\/\/odvjetnik-kozjak.hr\/o-meni\/#breadcrumb"},"inLanguage":"de","potentialAction":[{"@type":"ReadAction","target":["https:\/\/odvjetnik-kozjak.hr\/o-meni\/"]}]},{"@type":"BreadcrumbList","@id":"https:\/\/odvjetnik-kozjak.hr\/o-meni\/#breadcrumb","itemListElement":[{"@type":"ListItem","position":1,"name":"Po\u010detna stranica","item":"https:\/\/odvjetnik-kozjak.hr\/"},{"@type":"ListItem","position":2,"name":"O meni"}]},{"@type":"WebSite","@id":"https:\/\/odvjetnik-kozjak.hr\/#website","url":"https:\/\/odvjetnik-kozjak.hr\/","name":"Odvjetnik Boris Kozjak","description":"Odvjetni\u010dki ured","potentialAction":[{"@type":"SearchAction","target":{"@type":"EntryPoint","urlTemplate":"https:\/\/odvjetnik-kozjak.hr\/?s={search_term_string}"},"query-input":"required name=search_term_string"}],"inLanguage":"de"}]}},"_links":{"self":[{"href":"https:\/\/odvjetnik-kozjak.hr\/de\/wp-json\/wp\/v2\/pages\/14"}],"collection":[{"href":"https:\/\/odvjetnik-kozjak.hr\/de\/wp-json\/wp\/v2\/pages"}],"about":[{"href":"https:\/\/odvjetnik-kozjak.hr\/de\/wp-json\/wp\/v2\/types\/page"}],"author":[{"embeddable":true,"href":"https:\/\/odvjetnik-kozjak.hr\/de\/wp-json\/wp\/v2\/users\/1"}],"replies":[{"embeddable":true,"href":"https:\/\/odvjetnik-kozjak.hr\/de\/wp-json\/wp\/v2\/comments?post=14"}],"version-history":[{"count":46,"href":"https:\/\/odvjetnik-kozjak.hr\/de\/wp-json\/wp\/v2\/pages\/14\/revisions"}],"predecessor-version":[{"id":6791,"href":"https:\/\/odvjetnik-kozjak.hr\/de\/wp-json\/wp\/v2\/pages\/14\/revisions\/6791"}],"wp:attachment":[{"href":"https:\/\/odvjetnik-kozjak.hr\/de\/wp-json\/wp\/v2\/media?parent=14"}],"curies":[{"name":"wp","href":"https:\/\/api.w.org\/{rel}","templated":true}]}}