{"id":611,"date":"2019-05-16T06:57:55","date_gmt":"2019-05-16T06:57:55","guid":{"rendered":"http:\/\/192.168.0.114\/johnfirm\/?page_id=611"},"modified":"2023-06-29T21:32:37","modified_gmt":"2023-06-29T19:32:37","slug":"pravna-podrucja","status":"publish","type":"page","link":"https:\/\/odvjetnik-kozjak.hr\/de\/pravna-podrucja\/","title":{"rendered":"Rechtsgebiete"},"content":{"rendered":"<div data-elementor-type=\"wp-page\" data-elementor-id=\"611\" class=\"elementor elementor-611\">\n\t\t\t\t\t\t\t\t\t<section class=\"elementor-section elementor-top-section elementor-element elementor-element-3627fb1b elementor-section-stretched elementor-section-boxed elementor-section-height-default elementor-section-height-default\" data-id=\"3627fb1b\" data-element_type=\"section\" data-settings=\"{&quot;stretch_section&quot;:&quot;section-stretched&quot;,&quot;background_background&quot;:&quot;classic&quot;}\">\n\t\t\t\t\t\t\t<div class=\"elementor-background-overlay\"><\/div>\n\t\t\t\t\t\t\t<div class=\"elementor-container elementor-column-gap-default\">\n\t\t\t\t\t<div class=\"elementor-column elementor-col-100 elementor-top-column elementor-element elementor-element-5740c9f7\" data-id=\"5740c9f7\" data-element_type=\"column\">\n\t\t\t<div class=\"elementor-widget-wrap elementor-element-populated\">\n\t\t\t\t\t\t\t\t<section class=\"elementor-section elementor-inner-section elementor-element elementor-element-524a60b9 elementor-section-boxed elementor-section-height-default elementor-section-height-default\" data-id=\"524a60b9\" data-element_type=\"section\">\n\t\t\t\t\t\t<div class=\"elementor-container elementor-column-gap-default\">\n\t\t\t\t\t<div class=\"elementor-column elementor-col-33 elementor-inner-column elementor-element elementor-element-676f08f2\" data-id=\"676f08f2\" data-element_type=\"column\">\n\t\t\t<div class=\"elementor-widget-wrap elementor-element-populated\">\n\t\t\t\t\t\t\t\t<div class=\"elementor-element elementor-element-22cc3d8e elementor-widget elementor-widget-prelements-service-grid\" data-id=\"22cc3d8e\" data-element_type=\"widget\" data-widget_type=\"prelements-service-grid.default\">\n\t\t\t\t<div class=\"elementor-widget-container\">\n\t\t\t\t\t\r\n\t\t<div class=\"prelements-addon-services services-style4\">\r\n\t\t    <div class=\"services-part\">\r\n\t\t    \t\t\t    \t\t       \r\n\t\t\t    <div class=\"services-text\">\r\n\t\t\t    \t\t\t\t\t    \t<div class=\"services-title\">\r\n\t\t\t\t    \t\t\r\n\t\t\t\t    \t\t\t\t\t\t    \t\t\t<h4 class=\"title\"> Verfassungsrecht und Menschenrechte<\/h4>\r\n\t\t\t\t    \t\t\t\t\t\t    \t\t\r\n\t\t\t\t    \t<\/div>\r\n\t\t\t    \t\t\t\t    \t\r\n\t\t\t    \t\t\t\t    \t\t<p class=\"services-txt\">  \nAls auf Verfassungsrecht spezialisierte Anwaltskanzlei bieten wir unseren Mandanten die Dienstleistungen der Auslegung verfassungsrechtlicher Normen, der Beratung und des Schutzes ihrer Grundrechte und Grundfreiheiten an. Unser Ziel ist es, Rechtssicherheit, Fairness und den Schutz der Interessen unserer Mandanten im Einklang mit den verfassungsrechtlichen Grunds\u00e4tzen und Vorschriften zu gew\u00e4hrleisten.<\/p>\t\r\n\t\t\t    \t\t\r\n\r\n\r\n\t\t\t\t    \r\n\t\t\t    \t\t\t    \t    \t\t    \t    \t\r\n\t\t\t    <\/div>\r\n\r\n\t\t\t    \r\n\t\t\t<\/div>\r\n\t\t<\/div>\t\r\n\t\t\r\n\t\t\t<\/div>\n\t\t\t\t<\/div>\n\t\t\t\t<div class=\"elementor-element elementor-element-46143f8b elementor-widget elementor-widget-prelements-service-grid\" data-id=\"46143f8b\" data-element_type=\"widget\" data-widget_type=\"prelements-service-grid.default\">\n\t\t\t\t<div class=\"elementor-widget-container\">\n\t\t\t\t\t\r\n\t\t<div class=\"prelements-addon-services services-style4\">\r\n\t\t    <div class=\"services-part\">\r\n\t\t    \t\t\t    \t\t       \r\n\t\t\t    <div class=\"services-text\">\r\n\t\t\t    \t\t\t\t\t    \t<div class=\"services-title\">\r\n\t\t\t\t    \t\t\r\n\t\t\t\t    \t\t\t\t\t\t    \t\t\t<h4 class=\"title\">  Rechtsgebiete im Zusammenhang mit Eigentum und Vertr\u00e4gen<\/h4>\r\n\t\t\t\t    \t\t\t\t\t\t    \t\t\r\n\t\t\t\t    \t<\/div>\r\n\t\t\t    \t\t\t\t    \t\r\n\t\t\t    \t\t\t\t    \t\t<p class=\"services-txt\">  - Handelsrecht und Due Diligence <br \/>\n- Grundbuchrecht und Immobilien.<br \/>\n- Verkehrsrecht, Versicherungsrecht, Ersatz von Verkehrssch\u00e4den aus der Haftpflichtversicherung.<\/p>\t\r\n\t\t\t    \t\t\r\n\r\n\r\n\t\t\t\t    \r\n\t\t\t    \t\t\t    \t    \t\t    \t    \t\r\n\t\t\t    <\/div>\r\n\r\n\t\t\t    \r\n\t\t\t<\/div>\r\n\t\t<\/div>\t\r\n\t\t\r\n\t\t\t<\/div>\n\t\t\t\t<\/div>\n\t\t\t\t<div class=\"elementor-element elementor-element-6d66f344 elementor-widget elementor-widget-prelements-service-grid\" data-id=\"6d66f344\" data-element_type=\"widget\" data-widget_type=\"prelements-service-grid.default\">\n\t\t\t\t<div class=\"elementor-widget-container\">\n\t\t\t\t\t\r\n\t\t<div class=\"prelements-addon-services services-style4\">\r\n\t\t    <div class=\"services-part\">\r\n\t\t    \t\t\t    \t\t       \r\n\t\t\t    <div class=\"services-text\">\r\n\t\t\t    \t\t\t\t\t    \t<div class=\"services-title\">\r\n\t\t\t\t    \t\t\r\n\t\t\t\t    \t\t\t\t\t    \t\t\t\t\t\t\t    \t\t\t\r\n\t\t\t\t    \t\t<h4  class=\"title\"> <a href=\"#\" >Renten und andere soziale Rechte im deutschen Sprachraum<\/a><\/h4>\r\n\r\n\t\t\t\t    \t\t\t\t\t\t    \t\t\r\n\t\t\t\t    \t<\/div>\r\n\t\t\t    \t\t\t\t    \t\r\n\t\t\t    \t\t\t\t    \t\t<p class=\"services-txt\">  - Deutschland <br \/>\n- \u00d6sterreich <br \/>\n- Schweiz<\/p>\t\r\n\t\t\t    \t\t\r\n\r\n\r\n\t\t\t\t    \r\n\t\t\t    \t\t\t    \t    \t\t    \t    \t\r\n\t\t\t    <\/div>\r\n\r\n\t\t\t    \r\n\t\t\t<\/div>\r\n\t\t<\/div>\t\r\n\t\t\r\n\t\t\t<\/div>\n\t\t\t\t<\/div>\n\t\t\t\t\t<\/div>\n\t\t<\/div>\n\t\t\t\t<div class=\"elementor-column elementor-col-33 elementor-inner-column elementor-element elementor-element-5e8ca18c\" data-id=\"5e8ca18c\" data-element_type=\"column\">\n\t\t\t<div class=\"elementor-widget-wrap elementor-element-populated\">\n\t\t\t\t\t\t\t\t<div class=\"elementor-element elementor-element-38a285f0 elementor-widget elementor-widget-prelements-service-grid\" data-id=\"38a285f0\" data-element_type=\"widget\" data-widget_type=\"prelements-service-grid.default\">\n\t\t\t\t<div class=\"elementor-widget-container\">\n\t\t\t\t\t\r\n\t\t<div class=\"prelements-addon-services services-style4\">\r\n\t\t    <div class=\"services-part\">\r\n\t\t    \t\t\t    \t\t       \r\n\t\t\t    <div class=\"services-text\">\r\n\t\t\t    \t\t\t\t\t    \t<div class=\"services-title\">\r\n\t\t\t\t    \t\t\r\n\t\t\t\t    \t\t\t\t\t\t    \t\t\t<h4 class=\"title\"> Erbrecht, insbesondere mit internationalem Bezug und Testamentsgestaltung<\/h4>\r\n\t\t\t\t    \t\t\t\t\t\t    \t\t\r\n\t\t\t\t    \t<\/div>\r\n\t\t\t    \t\t\t\t    \t\r\n\t\t\t    \t\t\t\t    \t\t<p class=\"services-txt\">  Wir bieten personalisierte Rechtsdienstleistungen an und arbeiten mit Mandanten zusammen, um sicherzustellen, dass sich ihre Absichten und W\u00fcnsche in der Rechtsdokumentation widerspiegeln, die in \u00dcbereinstimmung mit den relevanten internationalen und nationalen Erbrechtsvorschriften anerkannt und umgesetzt wird.<\/p>\t\r\n\t\t\t    \t\t\r\n\r\n\r\n\t\t\t\t    \r\n\t\t\t    \t\t\t    \t    \t\t    \t    \t\r\n\t\t\t    <\/div>\r\n\r\n\t\t\t    \r\n\t\t\t<\/div>\r\n\t\t<\/div>\t\r\n\t\t\r\n\t\t\t<\/div>\n\t\t\t\t<\/div>\n\t\t\t\t<div class=\"elementor-element elementor-element-8708972 elementor-widget elementor-widget-prelements-service-grid\" data-id=\"8708972\" data-element_type=\"widget\" data-widget_type=\"prelements-service-grid.default\">\n\t\t\t\t<div class=\"elementor-widget-container\">\n\t\t\t\t\t\r\n\t\t<div class=\"prelements-addon-services services-style4\">\r\n\t\t    <div class=\"services-part\">\r\n\t\t    \t\t\t    \t\t       \r\n\t\t\t    <div class=\"services-text\">\r\n\t\t\t    \t\t\t\t\t    \t<div class=\"services-title\">\r\n\t\t\t\t    \t\t\r\n\t\t\t\t    \t\t\t\t\t    \t\t\t\t\t\t\t    \t\t\t\r\n\t\t\t\t    \t\t<h4  class=\"title\"> <a href=\"#\" > Der Bereich Asyl, Migration und das Recht auf Arbeit in der EU<\/a><\/h4>\r\n\r\n\t\t\t\t    \t\t\t\t\t\t    \t\t\r\n\t\t\t\t    \t<\/div>\r\n\t\t\t    \t\t\t\t    \t\r\n\t\t\t    \t\t\t\t    \t\t<p class=\"services-txt\">  Unsere Dienstleistung umfasst alle Phasen des Asylverfahrens, einschlie\u00dflich der Rechtsberatung und Vertretung in Verfahren vor den zust\u00e4ndigen Beh\u00f6rden. Wir unterst\u00fctzen Mandanten bei der Asylbeantragung, der Erstellung der erforderlichen Unterlagen und der ordnungsgem\u00e4\u00dfen Durchf\u00fchrung des Verfahrens.<\/p>\t\r\n\t\t\t    \t\t\r\n\r\n\r\n\t\t\t\t    \r\n\t\t\t    \t\t\t    \t    \t\t    \t    \t\r\n\t\t\t    <\/div>\r\n\r\n\t\t\t    \r\n\t\t\t<\/div>\r\n\t\t<\/div>\t\r\n\t\t\r\n\t\t\t<\/div>\n\t\t\t\t<\/div>\n\t\t\t\t\t<\/div>\n\t\t<\/div>\n\t\t\t\t<div class=\"elementor-column elementor-col-33 elementor-inner-column elementor-element elementor-element-7c6ef6ba\" data-id=\"7c6ef6ba\" data-element_type=\"column\">\n\t\t\t<div class=\"elementor-widget-wrap elementor-element-populated\">\n\t\t\t\t\t\t\t\t<div class=\"elementor-element elementor-element-d4e840d elementor-widget elementor-widget-prelements-service-grid\" data-id=\"d4e840d\" data-element_type=\"widget\" data-widget_type=\"prelements-service-grid.default\">\n\t\t\t\t<div class=\"elementor-widget-container\">\n\t\t\t\t\t\r\n\t\t<div class=\"prelements-addon-services services-style4\">\r\n\t\t    <div class=\"services-part\">\r\n\t\t    \t\t\t    \t\t       \r\n\t\t\t    <div class=\"services-text\">\r\n\t\t\t    \t\t\t\t\t    \t<div class=\"services-title\">\r\n\t\t\t\t    \t\t\r\n\t\t\t\t    \t\t\t\t\t\t    \t\t\t<h4 class=\"title\"> Strafrecht und Verteidigung in Straf- und OWi-Verfahren<\/h4>\r\n\t\t\t\t    \t\t\t\t\t\t    \t\t\r\n\t\t\t\t    \t<\/div>\r\n\t\t\t    \t\t\t\t    \t\r\n\t\t\t    \t\t\t\t    \t\t<p class=\"services-txt\">  Unser Expertenteam ist bestrebt, ein faires Verfahren zu gew\u00e4hrleisten, eine angemessene Verteidigung zu gew\u00e4hrleisten und alle rechtlichen Normen in Straf- und Ordnungswidrigkeitenf\u00e4llen einzuhalten.<\/p>\t\r\n\t\t\t    \t\t\r\n\r\n\r\n\t\t\t\t    \r\n\t\t\t    \t\t\t    \t    \t\t    \t    \t\r\n\t\t\t    <\/div>\r\n\r\n\t\t\t    \r\n\t\t\t<\/div>\r\n\t\t<\/div>\t\r\n\t\t\r\n\t\t\t<\/div>\n\t\t\t\t<\/div>\n\t\t\t\t<div class=\"elementor-element elementor-element-32b848fb elementor-widget elementor-widget-prelements-service-grid\" data-id=\"32b848fb\" data-element_type=\"widget\" data-widget_type=\"prelements-service-grid.default\">\n\t\t\t\t<div class=\"elementor-widget-container\">\n\t\t\t\t\t\r\n\t\t<div class=\"prelements-addon-services services-style4\">\r\n\t\t    <div class=\"services-part\">\r\n\t\t    \t\t\t    \t\t       \r\n\t\t\t    <div class=\"services-text\">\r\n\t\t\t    \t\t\t\t\t    \t<div class=\"services-title\">\r\n\t\t\t\t    \t\t\r\n\t\t\t\t    \t\t\t\t\t\t    \t\t\t<h4 class=\"title\"> Vertragsrecht \u2013 Vertragsschluss<\/h4>\r\n\t\t\t\t    \t\t\t\t\t\t    \t\t\r\n\t\t\t\t    \t<\/div>\r\n\t\t\t    \t\t\t\t    \t\r\n\t\t\t    \t\t\t\t    \t\t<p class=\"services-txt\">  - Kaufvertr\u00e4ge <br \/>\n- Geschenkvertr\u00e4ge <br \/>\n- Lebenslanger Unterhaltsvertrag <br \/>\n- Vereinbarung \u00fcber Lebenserhaltung <br \/>\n- Gesellschaftsvertr\u00e4ge zur Gr\u00fcndung von Handelsgesellschaften<\/p>\t\r\n\t\t\t    \t\t\r\n\r\n\r\n\t\t\t\t    \r\n\t\t\t    \t\t\t    \t    \t\t    \t    \t\r\n\t\t\t    <\/div>\r\n\r\n\t\t\t    \r\n\t\t\t<\/div>\r\n\t\t<\/div>\t\r\n\t\t\r\n\t\t\t<\/div>\n\t\t\t\t<\/div>\n\t\t\t\t\t<\/div>\n\t\t<\/div>\n\t\t\t\t\t\t\t<\/div>\n\t\t<\/section>\n\t\t\t\t\t<\/div>\n\t\t<\/div>\n\t\t\t\t\t\t\t<\/div>\n\t\t<\/section>\n\t\t\t\t\t\t\t<\/div>","protected":false},"excerpt":{"rendered":"<p>Ustavno pravo i ljudska prava Kao odvjetni\u010dki ured specijaliziran za ustavno pravo, pru\u017eamo na\u0161im klijentima usluge tuma\u010denja ustavnih normi, savjetovanja i za\u0161tite njihovih temeljnih prava i sloboda. Na\u0161a svrha je osigurati pravnu sigurnost, pravi\u010dnost i za\u0161titu interesa klijenata u skladu s ustavnim na\u010delima i propisima. Pravna podru\u010dja vezana uz imovinu i ugovore &#8211; Trgova\u010dko pravo&#8230;<\/p>","protected":false},"author":1,"featured_media":0,"parent":0,"menu_order":0,"comment_status":"closed","ping_status":"closed","template":"","meta":[],"yoast_head":"<!-- This site is optimized with the Yoast SEO plugin v20.11 - https:\/\/yoast.com\/wordpress\/plugins\/seo\/ -->\n<title>Pravna podru\u010dja - Odvjetnik Kozjak<\/title>\n<meta name=\"robots\" content=\"index, follow, max-snippet:-1, max-image-preview:large, max-video-preview:-1\" \/>\n<link rel=\"canonical\" href=\"https:\/\/odvjetnik-kozjak.hr\/de\/pravna-podrucja\/\" \/>\n<meta property=\"og:locale\" content=\"de_DE\" \/>\n<meta property=\"og:type\" content=\"article\" \/>\n<meta property=\"og:title\" content=\"Pravna podru\u010dja - Odvjetnik Kozjak\" \/>\n<meta property=\"og:description\" content=\"Ustavno pravo i ljudska prava Kao odvjetni\u010dki ured specijaliziran za ustavno pravo, pru\u017eamo na\u0161im klijentima usluge tuma\u010denja ustavnih normi, savjetovanja i za\u0161tite njihovih temeljnih prava i sloboda. Na\u0161a svrha je osigurati pravnu sigurnost, pravi\u010dnost i za\u0161titu interesa klijenata u skladu s ustavnim na\u010delima i propisima. Pravna podru\u010dja vezana uz imovinu i ugovore &#8211; Trgova\u010dko pravo...\" \/>\n<meta property=\"og:url\" content=\"https:\/\/odvjetnik-kozjak.hr\/de\/pravna-podrucja\/\" \/>\n<meta property=\"og:site_name\" content=\"Odvjetnik Kozjak\" \/>\n<meta property=\"article:modified_time\" content=\"2023-06-29T19:32:37+00:00\" \/>\n<meta name=\"twitter:card\" content=\"summary_large_image\" \/>\n<meta name=\"twitter:label1\" content=\"Gesch\u00e4tzte Lesezeit\" \/>\n\t<meta name=\"twitter:data1\" content=\"1\u00a0Minute\" \/>\n<script type=\"application\/ld+json\" class=\"yoast-schema-graph\">{\"@context\":\"https:\/\/schema.org\",\"@graph\":[{\"@type\":\"WebPage\",\"@id\":\"https:\/\/odvjetnik-kozjak.hr\/de\/pravna-podrucja\/\",\"url\":\"https:\/\/odvjetnik-kozjak.hr\/de\/pravna-podrucja\/\",\"name\":\"Pravna podru\u010dja - Odvjetnik Kozjak\",\"isPartOf\":{\"@id\":\"https:\/\/odvjetnik-kozjak.hr\/#website\"},\"datePublished\":\"2019-05-16T06:57:55+00:00\",\"dateModified\":\"2023-06-29T19:32:37+00:00\",\"breadcrumb\":{\"@id\":\"https:\/\/odvjetnik-kozjak.hr\/de\/pravna-podrucja\/#breadcrumb\"},\"inLanguage\":\"de\",\"potentialAction\":[{\"@type\":\"ReadAction\",\"target\":[\"https:\/\/odvjetnik-kozjak.hr\/de\/pravna-podrucja\/\"]}]},{\"@type\":\"BreadcrumbList\",\"@id\":\"https:\/\/odvjetnik-kozjak.hr\/de\/pravna-podrucja\/#breadcrumb\",\"itemListElement\":[{\"@type\":\"ListItem\",\"position\":1,\"name\":\"Po\u010detna stranica\",\"item\":\"https:\/\/odvjetnik-kozjak.hr\/\"},{\"@type\":\"ListItem\",\"position\":2,\"name\":\"Pravna podru\u010dja\"}]},{\"@type\":\"WebSite\",\"@id\":\"https:\/\/odvjetnik-kozjak.hr\/#website\",\"url\":\"https:\/\/odvjetnik-kozjak.hr\/\",\"name\":\"Odvjetnik Boris Kozjak\",\"description\":\"Odvjetni\u010dki ured\",\"potentialAction\":[{\"@type\":\"SearchAction\",\"target\":{\"@type\":\"EntryPoint\",\"urlTemplate\":\"https:\/\/odvjetnik-kozjak.hr\/?s={search_term_string}\"},\"query-input\":\"required name=search_term_string\"}],\"inLanguage\":\"de\"}]}<\/script>\n<!-- \/ Yoast SEO plugin. -->","yoast_head_json":{"title":"Pravna podru\u010dja - Odvjetnik Kozjak","robots":{"index":"index","follow":"follow","max-snippet":"max-snippet:-1","max-image-preview":"max-image-preview:large","max-video-preview":"max-video-preview:-1"},"canonical":"https:\/\/odvjetnik-kozjak.hr\/de\/pravna-podrucja\/","og_locale":"de_DE","og_type":"article","og_title":"Pravna podru\u010dja - Odvjetnik Kozjak","og_description":"Ustavno pravo i ljudska prava Kao odvjetni\u010dki ured specijaliziran za ustavno pravo, pru\u017eamo na\u0161im klijentima usluge tuma\u010denja ustavnih normi, savjetovanja i za\u0161tite njihovih temeljnih prava i sloboda. Na\u0161a svrha je osigurati pravnu sigurnost, pravi\u010dnost i za\u0161titu interesa klijenata u skladu s ustavnim na\u010delima i propisima. Pravna podru\u010dja vezana uz imovinu i ugovore &#8211; Trgova\u010dko pravo...","og_url":"https:\/\/odvjetnik-kozjak.hr\/de\/pravna-podrucja\/","og_site_name":"Odvjetnik Kozjak","article_modified_time":"2023-06-29T19:32:37+00:00","twitter_card":"summary_large_image","twitter_misc":{"Gesch\u00e4tzte Lesezeit":"1\u00a0Minute"},"schema":{"@context":"https:\/\/schema.org","@graph":[{"@type":"WebPage","@id":"https:\/\/odvjetnik-kozjak.hr\/de\/pravna-podrucja\/","url":"https:\/\/odvjetnik-kozjak.hr\/de\/pravna-podrucja\/","name":"Pravna podru\u010dja - Odvjetnik Kozjak","isPartOf":{"@id":"https:\/\/odvjetnik-kozjak.hr\/#website"},"datePublished":"2019-05-16T06:57:55+00:00","dateModified":"2023-06-29T19:32:37+00:00","breadcrumb":{"@id":"https:\/\/odvjetnik-kozjak.hr\/de\/pravna-podrucja\/#breadcrumb"},"inLanguage":"de","potentialAction":[{"@type":"ReadAction","target":["https:\/\/odvjetnik-kozjak.hr\/de\/pravna-podrucja\/"]}]},{"@type":"BreadcrumbList","@id":"https:\/\/odvjetnik-kozjak.hr\/de\/pravna-podrucja\/#breadcrumb","itemListElement":[{"@type":"ListItem","position":1,"name":"Po\u010detna stranica","item":"https:\/\/odvjetnik-kozjak.hr\/"},{"@type":"ListItem","position":2,"name":"Pravna podru\u010dja"}]},{"@type":"WebSite","@id":"https:\/\/odvjetnik-kozjak.hr\/#website","url":"https:\/\/odvjetnik-kozjak.hr\/","name":"Odvjetnik Boris Kozjak","description":"Odvjetni\u010dki ured","potentialAction":[{"@type":"SearchAction","target":{"@type":"EntryPoint","urlTemplate":"https:\/\/odvjetnik-kozjak.hr\/?s={search_term_string}"},"query-input":"required name=search_term_string"}],"inLanguage":"de"}]}},"_links":{"self":[{"href":"https:\/\/odvjetnik-kozjak.hr\/de\/wp-json\/wp\/v2\/pages\/611"}],"collection":[{"href":"https:\/\/odvjetnik-kozjak.hr\/de\/wp-json\/wp\/v2\/pages"}],"about":[{"href":"https:\/\/odvjetnik-kozjak.hr\/de\/wp-json\/wp\/v2\/types\/page"}],"author":[{"embeddable":true,"href":"https:\/\/odvjetnik-kozjak.hr\/de\/wp-json\/wp\/v2\/users\/1"}],"replies":[{"embeddable":true,"href":"https:\/\/odvjetnik-kozjak.hr\/de\/wp-json\/wp\/v2\/comments?post=611"}],"version-history":[{"count":11,"href":"https:\/\/odvjetnik-kozjak.hr\/de\/wp-json\/wp\/v2\/pages\/611\/revisions"}],"predecessor-version":[{"id":6208,"href":"https:\/\/odvjetnik-kozjak.hr\/de\/wp-json\/wp\/v2\/pages\/611\/revisions\/6208"}],"wp:attachment":[{"href":"https:\/\/odvjetnik-kozjak.hr\/de\/wp-json\/wp\/v2\/media?parent=611"}],"curies":[{"name":"wp","href":"https:\/\/api.w.org\/{rel}","templated":true}]}}