{"id":6183,"date":"2023-06-29T21:22:12","date_gmt":"2023-06-29T19:22:12","guid":{"rendered":"https:\/\/odvjetnik-kozjak.hr\/?page_id=6183"},"modified":"2023-06-29T21:24:28","modified_gmt":"2023-06-29T19:24:28","slug":"izjava-o-kolacicima","status":"publish","type":"page","link":"https:\/\/odvjetnik-kozjak.hr\/de\/izjava-o-kolacicima\/","title":{"rendered":"Cookie-Erkl\u00e4rung"},"content":{"rendered":"<div data-elementor-type=\"wp-page\" data-elementor-id=\"6183\" class=\"elementor elementor-6183\">\n\t\t\t\t\t\t\t\t\t<section class=\"elementor-section elementor-top-section elementor-element elementor-element-6c2d275c elementor-section-boxed elementor-section-height-default elementor-section-height-default\" data-id=\"6c2d275c\" data-element_type=\"section\">\n\t\t\t\t\t\t<div class=\"elementor-container elementor-column-gap-default\">\n\t\t\t\t\t<div class=\"elementor-column elementor-col-100 elementor-top-column elementor-element elementor-element-3a476bf6\" data-id=\"3a476bf6\" data-element_type=\"column\">\n\t\t\t<div class=\"elementor-widget-wrap elementor-element-populated\">\n\t\t\t\t\t\t\t\t<div class=\"elementor-element elementor-element-7643cccb elementor-widget elementor-widget-text-editor\" data-id=\"7643cccb\" data-element_type=\"widget\" data-widget_type=\"text-editor.default\">\n\t\t\t\t<div class=\"elementor-widget-container\">\n\t\t\t<style>\/*! elementor - v3.14.0 - 26-06-2023 *\/\n.elementor-widget-text-editor.elementor-drop-cap-view-stacked .elementor-drop-cap{background-color:#69727d;color:#fff}.elementor-widget-text-editor.elementor-drop-cap-view-framed .elementor-drop-cap{color:#69727d;border:3px solid;background-color:transparent}.elementor-widget-text-editor:not(.elementor-drop-cap-view-default) .elementor-drop-cap{margin-top:8px}.elementor-widget-text-editor:not(.elementor-drop-cap-view-default) .elementor-drop-cap-letter{width:1em;height:1em}.elementor-widget-text-editor .elementor-drop-cap{float:left;text-align:center;line-height:1;font-size:50px}.elementor-widget-text-editor .elementor-drop-cap-letter{display:inline-block}<\/style>\t\t\t\t<p><!-- wp:paragraph --><\/p>\n<p>Diese Website verwendet Cookies. Durch die weitere Nutzung dieser Website akzeptieren Sie die Verwendung von Cookies.<\/p>\n<p><!-- \/wp:paragraph --><!-- wp:paragraph --><\/p>\n<p><strong>WAS IST EIN COOKIE?<\/strong><\/p>\n<p><!-- \/wp:paragraph --><!-- wp:paragraph --><\/p>\n<p>Bei einem Cookie handelt es sich um Informationen, die von der von Ihnen besuchten Website auf Ihrem Computer (oder Mobiltelefon) gespeichert werden. Cookies sind kleine Textdateien, die von Websites verwendet werden, um das Benutzererlebnis zu verbessern. Der Gesetzgeber erlaubt die Speicherung von Cookies auf Ihrem Ger\u00e4t, wenn diese f\u00fcr den Betrieb der Website konkret erforderlich sind. F\u00fcr alle anderen Arten von Cookies ben\u00f6tigen wir Ihre Zustimmung.<\/p>\n<p><!-- \/wp:paragraph --><!-- wp:paragraph --><\/p>\n<p><strong>WARUM VERWENDEN WIR COOKIES?<\/strong><\/p>\n<p><!-- \/wp:paragraph --><!-- wp:paragraph --><\/p>\n<p>Wir verwenden Cookies, um Inhalte und Anzeigen zu personalisieren. Wir k\u00f6nnen Social-Media-Funktionen aktivieren und den Datenverkehr analysieren.<\/p>\n<p><!-- \/wp:paragraph --><!-- wp:paragraph --><\/p>\n<p><strong>ZU WELCHEN ZWECKEN VERWENDEN WIR COOKIES?<\/strong><\/p>\n<p><!-- \/wp:paragraph --><!-- wp:paragraph --><\/p>\n<p>Diese Website verwendet Cookies:<\/p>\n<p><!-- \/wp:paragraph --><!-- wp:list --><\/p>\n<ul><!-- wp:list-item -->\n<li>Damit die Website ordnungsgem\u00e4\u00df funktioniert,<\/li>\n<!-- \/wp:list-item --><!-- wp:list-item -->\n<li>Um Inhalte und Anzeigen zu personalisieren,<\/li>\n<!-- \/wp:list-item --><!-- wp:list-item -->\n<li>Aktivierte Social-Media-Funktionen,<\/li>\n<!-- \/wp:list-item --><!-- wp:list-item -->\n<li>F\u00fcr ein besseres Benutzererlebnis f\u00fcr Besucher dieser Website,<\/li>\n<!-- \/wp:list-item --><!-- wp:list-item -->\n<li>F\u00fcr Statistiken \u00fcber Besuche auf dieser Website<\/li>\n<!-- \/wp:list-item --><\/ul>\n<p><!-- \/wp:list --><!-- wp:paragraph --><\/p>\n<p><strong>Welche Arten von Cookies gibt es?<\/strong><\/p>\n<p><!-- \/wp:paragraph --><!-- wp:paragraph --><\/p>\n<p>Cookies nach Dauer:<\/p>\n<p><!-- \/wp:paragraph --><!-- wp:list --><\/p>\n<ul><!-- wp:list-item -->\n<li><strong>TEMPOR\u00c4RE COOKIES (SITZUNGSCOOKIES)<\/strong>\u00a0\u2013 Sie werden entfernt, wenn Sie Ihren verwendeten Internetbrowser schlie\u00dfen. Diese Cookies sind f\u00fcr bestimmte Funktionalit\u00e4ten dieser Seite erforderlich.<\/li>\n<!-- \/wp:list-item --><!-- wp:list-item -->\n<li><strong>DAUERHAFTE COOKIES<\/strong>\u00a0- Sie verbleiben auch nach dem Schlie\u00dfen des Internetbrowsers auf Ihrem Computer. Der Zeitraum h\u00e4ngt von den Einstellungen Ihres Internetbrowsers ab. Sie dienen der Speicherung von Daten. Ein gutes Beispiel ist die Speicherung Ihres Benutzernamens oder Passworts beim Betreten einer Website.<\/li>\n<!-- \/wp:list-item --><\/ul>\n<p><!-- \/wp:list --><!-- wp:paragraph --><\/p>\n<p>Cookies nach Quelle:<\/p>\n<p><!-- \/wp:paragraph --><!-- wp:list --><\/p>\n<ul><!-- wp:list-item -->\n<li><strong>COOKIES DER ERSTEN SEITE<\/strong>\u00a0\u2013 kommen von der Website, auf der Sie sich befinden. Diese Cookies k\u00f6nnen tempor\u00e4r oder dauerhaft sein.<\/li>\n<!-- \/wp:list-item --><!-- wp:list-item -->\n<li><strong>COOKIES VON DRITTANBIETERN<\/strong>\u00a0- werden f\u00fcr externe Dienste (Google Analytics) verwendet. Mithilfe von Drittanbieter-Cookies sammeln externe Dienste anonyme Besucherdaten und dienen als Hilfe bei der Analyse der Besucherzahl, Website-Nutzung und \u00c4hnlichem. Sie sollten die Datenschutzrichtlinien dieses Dritten beachten. Wenn Sie sich in der Europ\u00e4ischen Union befinden, k\u00f6nnen Sie unter dem Link http:\/\/www.youronlinechoices.eu\/ erfahren, wie Dritte diese Art von Cookies verwenden.<\/li>\n<!-- \/wp:list-item --><\/ul>\n<p><!-- \/wp:list --><!-- wp:paragraph --><\/p>\n<p>Cookies nach Zweck:<\/p>\n<p><!-- \/wp:paragraph --><!-- wp:list --><\/p>\n<ul><!-- wp:list-item -->\n<li><strong>NOTWENDIGE COOKIES,<\/strong><\/li>\n<!-- \/wp:list-item --><!-- wp:list-item -->\n<li><strong>COOKIES F\u00dcR EINSTELLUNGEN,<\/strong><\/li>\n<!-- \/wp:list-item --><!-- wp:list-item -->\n<li><strong>STATISTISCHE COOKIES,<\/strong><\/li>\n<!-- \/wp:list-item --><!-- wp:list-item -->\n<li><strong>MARKETING-COOKIES.<\/strong><\/li>\n<!-- \/wp:list-item --><\/ul>\n<p><!-- \/wp:list --><!-- wp:paragraph --><\/p>\n<p><strong>WIE AKZEPTIERE ODER DEAKTIVIERE ICH COOKIES?<\/strong><\/p>\n<p><!-- \/wp:paragraph --><!-- wp:paragraph --><\/p>\n<p>Sie k\u00f6nnen Ihre Einwilligung zur Verwendung von Cookies jederzeit \u00e4ndern oder widerrufen. Durch das Deaktivieren von Cookies (sofern nicht erforderlich) entscheiden Sie, ob Sie die Speicherung von Cookies auf Ihrem Computer zulassen m\u00f6chten.<\/p>\n<p><!-- \/wp:paragraph --><!-- wp:paragraph --><\/p>\n<p>Durch Klicken auf die Cookie-Einstellungen k\u00f6nnen Sie Ihre Einwilligung \u00e4ndern oder Ihre Einwilligung widerrufen. Sie finden diese unten auf dieser Website.<\/p>\n<p><!-- \/wp:paragraph --><!-- wp:paragraph --><\/p>\n<p>Erfahren Sie in unserer Datenschutzrichtlinie auf dieser Website, wie wir Ihre personenbezogenen Daten erfassen und verarbeiten.<\/p>\n<p><!-- \/wp:paragraph --><!-- wp:paragraph --><\/p>\n<p>Ihre Einwilligung bezieht sich auf die Domain: https:\/\/odvjetnik-kozjak.hr<\/p>\n<p><!-- \/wp:paragraph --><\/p>\t\t\t\t\t\t<\/div>\n\t\t\t\t<\/div>\n\t\t\t\t\t<\/div>\n\t\t<\/div>\n\t\t\t\t\t\t\t<\/div>\n\t\t<\/section>\n\t\t\t\t\t\t\t<\/div>","protected":false},"excerpt":{"rendered":"<p>Ova web-stranica koristi kola\u010di\u0107e. Nastavkom kori\u0161tenja ove web stranice vi prihva\u0107ate na\u0161u upotrebu kola\u010di\u0107a. \u0160TO JE KOLA\u010cI\u0106 (COOKIE)? Kola\u010di\u0107 je informacija spremljena na Va\u0161e ra\u010dunalo (ili mobitel) od strane web stranice koju posjetite. Kola\u010di\u0107i su male tekstne datoteke kojima se koriste internetske stranice kako bi unaprijedile korisni\u010dko iskustvo. Zakon dopu\u0161ta spremanje kola\u010di\u0107a na va\u0161 ure\u0111aj&#8230;<\/p>","protected":false},"author":1,"featured_media":0,"parent":0,"menu_order":0,"comment_status":"closed","ping_status":"closed","template":"","meta":[],"yoast_head":"<!-- This site is optimized with the Yoast SEO plugin v20.11 - https:\/\/yoast.com\/wordpress\/plugins\/seo\/ -->\n<title>Izjava o kola\u010di\u0107ima - Odvjetnik Kozjak<\/title>\n<meta name=\"robots\" content=\"index, follow, max-snippet:-1, max-image-preview:large, max-video-preview:-1\" \/>\n<link rel=\"canonical\" href=\"https:\/\/odvjetnik-kozjak.hr\/de\/izjava-o-kolacicima\/\" \/>\n<meta property=\"og:locale\" content=\"de_DE\" \/>\n<meta property=\"og:type\" content=\"article\" \/>\n<meta property=\"og:title\" content=\"Izjava o kola\u010di\u0107ima - Odvjetnik Kozjak\" \/>\n<meta property=\"og:description\" content=\"Ova web-stranica koristi kola\u010di\u0107e. Nastavkom kori\u0161tenja ove web stranice vi prihva\u0107ate na\u0161u upotrebu kola\u010di\u0107a. \u0160TO JE KOLA\u010cI\u0106 (COOKIE)? Kola\u010di\u0107 je informacija spremljena na Va\u0161e ra\u010dunalo (ili mobitel) od strane web stranice koju posjetite. Kola\u010di\u0107i su male tekstne datoteke kojima se koriste internetske stranice kako bi unaprijedile korisni\u010dko iskustvo. Zakon dopu\u0161ta spremanje kola\u010di\u0107a na va\u0161 ure\u0111aj...\" \/>\n<meta property=\"og:url\" content=\"https:\/\/odvjetnik-kozjak.hr\/de\/izjava-o-kolacicima\/\" \/>\n<meta property=\"og:site_name\" content=\"Odvjetnik Kozjak\" \/>\n<meta property=\"article:modified_time\" content=\"2023-06-29T19:24:28+00:00\" \/>\n<meta name=\"twitter:card\" content=\"summary_large_image\" \/>\n<meta name=\"twitter:label1\" content=\"Gesch\u00e4tzte Lesezeit\" \/>\n\t<meta name=\"twitter:data1\" content=\"2\u00a0Minuten\" \/>\n<script type=\"application\/ld+json\" class=\"yoast-schema-graph\">{\"@context\":\"https:\/\/schema.org\",\"@graph\":[{\"@type\":\"WebPage\",\"@id\":\"https:\/\/odvjetnik-kozjak.hr\/de\/izjava-o-kolacicima\/\",\"url\":\"https:\/\/odvjetnik-kozjak.hr\/de\/izjava-o-kolacicima\/\",\"name\":\"Izjava o kola\u010di\u0107ima - Odvjetnik Kozjak\",\"isPartOf\":{\"@id\":\"https:\/\/odvjetnik-kozjak.hr\/#website\"},\"datePublished\":\"2023-06-29T19:22:12+00:00\",\"dateModified\":\"2023-06-29T19:24:28+00:00\",\"breadcrumb\":{\"@id\":\"https:\/\/odvjetnik-kozjak.hr\/de\/izjava-o-kolacicima\/#breadcrumb\"},\"inLanguage\":\"de\",\"potentialAction\":[{\"@type\":\"ReadAction\",\"target\":[\"https:\/\/odvjetnik-kozjak.hr\/de\/izjava-o-kolacicima\/\"]}]},{\"@type\":\"BreadcrumbList\",\"@id\":\"https:\/\/odvjetnik-kozjak.hr\/de\/izjava-o-kolacicima\/#breadcrumb\",\"itemListElement\":[{\"@type\":\"ListItem\",\"position\":1,\"name\":\"Po\u010detna stranica\",\"item\":\"https:\/\/odvjetnik-kozjak.hr\/\"},{\"@type\":\"ListItem\",\"position\":2,\"name\":\"Izjava o kola\u010di\u0107ima\"}]},{\"@type\":\"WebSite\",\"@id\":\"https:\/\/odvjetnik-kozjak.hr\/#website\",\"url\":\"https:\/\/odvjetnik-kozjak.hr\/\",\"name\":\"Odvjetnik Boris Kozjak\",\"description\":\"Odvjetni\u010dki ured\",\"potentialAction\":[{\"@type\":\"SearchAction\",\"target\":{\"@type\":\"EntryPoint\",\"urlTemplate\":\"https:\/\/odvjetnik-kozjak.hr\/?s={search_term_string}\"},\"query-input\":\"required name=search_term_string\"}],\"inLanguage\":\"de\"}]}<\/script>\n<!-- \/ Yoast SEO plugin. -->","yoast_head_json":{"title":"Izjava o kola\u010di\u0107ima - Odvjetnik Kozjak","robots":{"index":"index","follow":"follow","max-snippet":"max-snippet:-1","max-image-preview":"max-image-preview:large","max-video-preview":"max-video-preview:-1"},"canonical":"https:\/\/odvjetnik-kozjak.hr\/de\/izjava-o-kolacicima\/","og_locale":"de_DE","og_type":"article","og_title":"Izjava o kola\u010di\u0107ima - Odvjetnik Kozjak","og_description":"Ova web-stranica koristi kola\u010di\u0107e. Nastavkom kori\u0161tenja ove web stranice vi prihva\u0107ate na\u0161u upotrebu kola\u010di\u0107a. \u0160TO JE KOLA\u010cI\u0106 (COOKIE)? Kola\u010di\u0107 je informacija spremljena na Va\u0161e ra\u010dunalo (ili mobitel) od strane web stranice koju posjetite. Kola\u010di\u0107i su male tekstne datoteke kojima se koriste internetske stranice kako bi unaprijedile korisni\u010dko iskustvo. Zakon dopu\u0161ta spremanje kola\u010di\u0107a na va\u0161 ure\u0111aj...","og_url":"https:\/\/odvjetnik-kozjak.hr\/de\/izjava-o-kolacicima\/","og_site_name":"Odvjetnik Kozjak","article_modified_time":"2023-06-29T19:24:28+00:00","twitter_card":"summary_large_image","twitter_misc":{"Gesch\u00e4tzte Lesezeit":"2\u00a0Minuten"},"schema":{"@context":"https:\/\/schema.org","@graph":[{"@type":"WebPage","@id":"https:\/\/odvjetnik-kozjak.hr\/de\/izjava-o-kolacicima\/","url":"https:\/\/odvjetnik-kozjak.hr\/de\/izjava-o-kolacicima\/","name":"Izjava o kola\u010di\u0107ima - Odvjetnik Kozjak","isPartOf":{"@id":"https:\/\/odvjetnik-kozjak.hr\/#website"},"datePublished":"2023-06-29T19:22:12+00:00","dateModified":"2023-06-29T19:24:28+00:00","breadcrumb":{"@id":"https:\/\/odvjetnik-kozjak.hr\/de\/izjava-o-kolacicima\/#breadcrumb"},"inLanguage":"de","potentialAction":[{"@type":"ReadAction","target":["https:\/\/odvjetnik-kozjak.hr\/de\/izjava-o-kolacicima\/"]}]},{"@type":"BreadcrumbList","@id":"https:\/\/odvjetnik-kozjak.hr\/de\/izjava-o-kolacicima\/#breadcrumb","itemListElement":[{"@type":"ListItem","position":1,"name":"Po\u010detna stranica","item":"https:\/\/odvjetnik-kozjak.hr\/"},{"@type":"ListItem","position":2,"name":"Izjava o kola\u010di\u0107ima"}]},{"@type":"WebSite","@id":"https:\/\/odvjetnik-kozjak.hr\/#website","url":"https:\/\/odvjetnik-kozjak.hr\/","name":"Odvjetnik Boris Kozjak","description":"Odvjetni\u010dki ured","potentialAction":[{"@type":"SearchAction","target":{"@type":"EntryPoint","urlTemplate":"https:\/\/odvjetnik-kozjak.hr\/?s={search_term_string}"},"query-input":"required name=search_term_string"}],"inLanguage":"de"}]}},"_links":{"self":[{"href":"https:\/\/odvjetnik-kozjak.hr\/de\/wp-json\/wp\/v2\/pages\/6183"}],"collection":[{"href":"https:\/\/odvjetnik-kozjak.hr\/de\/wp-json\/wp\/v2\/pages"}],"about":[{"href":"https:\/\/odvjetnik-kozjak.hr\/de\/wp-json\/wp\/v2\/types\/page"}],"author":[{"embeddable":true,"href":"https:\/\/odvjetnik-kozjak.hr\/de\/wp-json\/wp\/v2\/users\/1"}],"replies":[{"embeddable":true,"href":"https:\/\/odvjetnik-kozjak.hr\/de\/wp-json\/wp\/v2\/comments?post=6183"}],"version-history":[{"count":5,"href":"https:\/\/odvjetnik-kozjak.hr\/de\/wp-json\/wp\/v2\/pages\/6183\/revisions"}],"predecessor-version":[{"id":6188,"href":"https:\/\/odvjetnik-kozjak.hr\/de\/wp-json\/wp\/v2\/pages\/6183\/revisions\/6188"}],"wp:attachment":[{"href":"https:\/\/odvjetnik-kozjak.hr\/de\/wp-json\/wp\/v2\/media?parent=6183"}],"curies":[{"name":"wp","href":"https:\/\/api.w.org\/{rel}","templated":true}]}}