{"id":6189,"date":"2023-06-29T21:25:30","date_gmt":"2023-06-29T19:25:30","guid":{"rendered":"https:\/\/odvjetnik-kozjak.hr\/?page_id=6189"},"modified":"2023-07-11T14:12:34","modified_gmt":"2023-07-11T12:12:34","slug":"politika-privatnosti","status":"publish","type":"page","link":"https:\/\/odvjetnik-kozjak.hr\/de\/politika-privatnosti\/","title":{"rendered":"Datenschutz-Bestimmungen"},"content":{"rendered":"<div data-elementor-type=\"wp-page\" data-elementor-id=\"6189\" class=\"elementor elementor-6189\">\n\t\t\t\t\t\t\t<div class=\"elementor-element elementor-element-e785362 e-flex e-con-boxed e-con\" data-id=\"e785362\" data-element_type=\"container\" data-settings=\"{&quot;content_width&quot;:&quot;boxed&quot;}\">\n\t\t\t\t\t<div class=\"e-con-inner\">\n\t\t\t\t<div class=\"elementor-element elementor-element-4bbfa6f elementor-widget elementor-widget-text-editor\" data-id=\"4bbfa6f\" data-element_type=\"widget\" data-widget_type=\"text-editor.default\">\n\t\t\t\t<div class=\"elementor-widget-container\">\n\t\t\t<style>\/*! elementor - v3.14.0 - 26-06-2023 *\/\n.elementor-widget-text-editor.elementor-drop-cap-view-stacked .elementor-drop-cap{background-color:#69727d;color:#fff}.elementor-widget-text-editor.elementor-drop-cap-view-framed .elementor-drop-cap{color:#69727d;border:3px solid;background-color:transparent}.elementor-widget-text-editor:not(.elementor-drop-cap-view-default) .elementor-drop-cap{margin-top:8px}.elementor-widget-text-editor:not(.elementor-drop-cap-view-default) .elementor-drop-cap-letter{width:1em;height:1em}.elementor-widget-text-editor .elementor-drop-cap{float:left;text-align:center;line-height:1;font-size:50px}.elementor-widget-text-editor .elementor-drop-cap-letter{display:inline-block}<\/style>\t\t\t\t<p>Rechtsanwalt Boris Kozjak respektiert Ihre Privatsph\u00e4re und Ihre Rechte. Diese Datenschutzrichtlinie entspricht der Allgemeinen Verordnung zum Schutz personenbezogener Daten.<\/p><p><strong>WAS IST DIE ALLGEMEINE VERORDNUNG ZUM SCHUTZ PERSONENBEZOGENER DATEN (DSGVO)?<\/strong><\/p><p>Es handelt sich um die Verordnung (EU) 2016\/679 des Europ\u00e4ischen Parlaments und des Rates vom 27. April 2016 zum Schutz nat\u00fcrlicher Personen bei der Verarbeitung personenbezogener Daten. In allen L\u00e4ndern der Europ\u00e4ischen Union (einschlie\u00dflich der Republik Kroatien) gilt es seit dem 25. Mai 2018.<\/p><p><strong>UNSERE DATENSCHUTZGRUNDS\u00c4TZE<\/strong><\/p><ul><li>Wir erheben nur die notwendigen Kontaktdaten, die f\u00fcr die gegenseitige Kommunikation erforderlich sind,<\/li><li>Wir verarbeiten Ihre erhaltenen Daten nur mit Ihrer Einwilligung,<\/li><li>Wir verwenden die Daten nur f\u00fcr den Zweck, f\u00fcr den wir Ihre Einwilligung haben,<\/li><li>Wir verkaufen, verleihen oder teilen Ihre Daten nicht.<\/li><li>Wir geben Ihre Daten nicht ohne Ihre Einwilligung an Dritte weiter.<\/li><li>Wir bewahren Ihre Daten nur so lange wie n\u00f6tig auf. Danach l\u00f6schen wir sie,<\/li><li>Wir pr\u00fcfen die Sicherheit Ihrer Daten.<\/li><\/ul><p><strong><br \/>INFORMATIONEN ZUM VERARBEITER<\/strong><\/p><p>Der Verantwortliche f\u00fcr die Verarbeitung Ihrer personenbezogenen Daten auf dieser Website ist Boris Kozjak.<\/p><p>Kontaktdaten des Verantwortlichen f\u00fcr die Verarbeitung Ihrer personenbezogenen Daten:<\/p><p>Rechtsanwalt Boris Kozjak<br \/><span style=\"color: #4a4a4a;\">Ul. Augusta \u0160enoe 3,\u00a0<\/span><span style=\"color: #4a4a4a;\">33000 Virovitica,\u00a0<\/span><span style=\"color: #4a4a4a;\">Kroatien<br \/><\/span>tel:\u00a0<span style=\"color: #4a4a4a;\">(+385) 98 9818 199<\/span><br \/><span style=\"color: #4a4a4a;\">email: odvjetnik_kozjak@net.hr<br \/><\/span><\/p><p><strong>WIE UND WELCHE DATEN WIR ERHEBEN<\/strong><\/p><ul><li>direkt durch die Benutzer dieser Website. Von Zeit zu Zeit erfassen wir nur die erforderlichen Daten (Name, E-Mail-Adresse, Telefonnummer, Benutzernachricht).<\/li><li>Verwendung von Cookies<\/li><li>automatisch (durch Serverprotokolle) \u2013 Daten, die automatisch generiert werden. Serverprotokolle k\u00f6nnen Sie nicht als bestimmte Person identifizieren.<\/li><\/ul><p><strong><br \/>ZWECK DER VERARBEITUNG PERSONENBEZOGENER DATEN<\/strong><\/p><p>Zweck der Verarbeitung ist die gegenseitige Kommunikation. In den meisten F\u00e4llen bedeutet dies, dass Sie Ihre Anfragen \u00fcber das Kontaktformular auf dieser Website, per E-Mail oder telefonisch beantworten.<\/p><p><strong>RECHTSGRUNDLAGE DER DATENVERARBEITUNG<\/strong><\/p><p>Rechtsgrundlage f\u00fcr die Verarbeitung personenbezogener Daten auf dieser Website ist Ihre Einwilligung (Einwilligung des Betroffenen).<\/p><p><strong>WIE WIR IHRE DATEN VERWENDEN<\/strong><\/p><p>Wir nutzen Ihre Daten zum Zwecke der gegenseitigen Kommunikation und zur Anbahnung einer gemeinsamen Zusammenarbeit. Es besteht die M\u00f6glichkeit, personenbezogene Daten f\u00fcr statistische Zwecke dieser Website zu nutzen. Es ist wichtig, dass Sie wissen, dass wir Ihre Daten nur f\u00fcr den Zweck verwenden, f\u00fcr den wir Ihre Einwilligung erhalten. Ebenso k\u00f6nnen Sie Ihre Einwilligung jederzeit widerrufen und wir werden die Verarbeitung unverz\u00fcglich einstellen.<\/p><p><strong>WIE LANGE BEWAHRE ICH DATEN AUF?<\/strong><\/p><p>Wir bewahren Daten nur so lange auf, wie eine Notwendigkeit f\u00fcr die Datenverarbeitung besteht. Danach l\u00f6schen wir sie.<\/p><p><strong>ALLE IHRE RECHTE<\/strong><\/p><p>Wenn Sie Ihre pers\u00f6nlichen Daten auf dieser Website hinterlassen, haben Sie folgende Rechte:<\/p><ul><li><strong>DAS RECHT AUF TRANSPARENZ<\/strong>\u00a0- Sie haben das Recht, unsere Identit\u00e4t, unsere Kontaktinformationen, den Zweck der Verarbeitung Ihrer Daten, die Rechtsgrundlage der Verarbeitung, die Speicherdauer usw. zu erfahren. Sie k\u00f6nnen eine schriftliche Anfrage senden und wir werden Ihnen eine Antwort auf alle Ihre Fragen zusenden deine Daten.<\/li><li><strong>RECHT AUF ZUGRIFF AUF DATEN<\/strong>\u00a0- Sie haben Zugriff auf alle Ihre personenbezogenen Daten, die wir verarbeiten. Sie k\u00f6nnen Auskunft \u00fcber die gespeicherten Daten verlangen und erhalten.<\/li><li><strong>RECHT AUF KORREKTUR<\/strong>\u00a0- Sollten Ihre personenbezogenen Daten unrichtig sein, haben Sie das Recht, von uns die Berichtigung der Daten zu verlangen.<\/li><li><strong>RECHT AUF L\u00d6SCHEN (\u201eRECHT AUF VERGESSEN WERDEN\u201c)<\/strong>\u00a0- Sie als Nutzer (Befragter) haben jederzeit das Recht, die L\u00f6schung Ihrer personenbezogenen Daten zu verlangen. Senden Sie eine Anfrage an unsere E-Mail-Adresse und die Daten werden schnellstm\u00f6glich, sp\u00e4testens jedoch innerhalb von 8 Tagen, gel\u00f6scht.<\/li><li><strong>DAS RECHT, DIE DATENVERARBEITUNG EINZUSCHR\u00c4NKEN<\/strong>\u00a0- In bestimmten Situationen haben Sie das Recht, anstelle der L\u00f6schung eine Einschr\u00e4nkung der Nutzung personenbezogener Daten zu verlangen. In diesem Fall werden Ihre Daten gespeichert, aber nicht weiterverarbeitet.<\/li><li><strong>RECHT AUF WIDERSPRUCH<\/strong>\u00a0- Sie haben das Recht, Widerspruch einzulegen. Senden Sie den Widerspruch an unsere E-Mail-Adresse.<\/li><li><strong>DAS RECHT AUF PORTABILIT\u00c4T<\/strong>\u00a0\u2013 Sie haben das Recht, Daten ohne unser Eingreifen einem anderen Verantwortlichen zu \u00fcbermitteln.<\/li><li><strong>RECHT AUF WIDERRUF DER EINWILLIGUNG<\/strong>\u00a0\u2013 Sie k\u00f6nnen Ihre Einwilligung jederzeit widerrufen. Senden Sie Ihre Anfrage an unsere E-Mail-Adresse.<\/li><li><strong>DAS RECHT, EINEN WIDERSPRUCH BEI DER AUFSICHTSBEH\u00d6RDE EINZULEGEN<\/strong>\u00a0\u2013 Sie k\u00f6nnen sich direkt an die zust\u00e4ndige Aufsichtsbeh\u00f6rde wenden:<p>AZOP \u2013 Selska cesta 136, 10 000 Zagreb, azop@azop.hr<\/p><\/li><li><strong>RECHT AUF WIDERSPRUCH ZU AUTOMATISIERTEN EINZELNEN ENTSCHEIDUNGEN<\/strong>\u00a0\u2013 Sie haben das Recht, der automatisierten Entscheidungsfindung im Einzelfall zu widersprechen. Bei der automatisierten individuellen Entscheidungsfindung handelt es sich um eine Entscheidungsfindung ohne jegliche menschliche Beteiligung.<\/li><li><strong>RECHT AUF QUELLE PERSONENBEZOGENER DATEN<\/strong>\u00a0- Sie haben das Recht zu erfahren, wie wir an Ihre Daten gekommen sind.<\/li><\/ul><p><strong><br \/>UMSETZUNG TECHNISCHER UND ORGANISATORISCHER SCHUTZMASSNAHMEN<\/strong><\/p><p>Zum Schutz Ihrer personenbezogenen Daten sind Sicherheitsma\u00dfnahmen vorhanden. Die Daten werden vor Zerst\u00f6rung, Verlust und unbefugtem Zugriff gesch\u00fctzt. Sofern m\u00f6glich, erfolgt eine Pseudonymisierung oder Verschl\u00fcsselung personenbezogener Daten.<\/p><p><strong>\u00dcbermittlung personenbezogener Daten in ein Drittland<\/strong><\/p><p>Wir \u00fcbermitteln Ihre personenbezogenen Daten nicht an Drittl\u00e4nder oder internationale Organisationen.<\/p><p><strong>COOKIES<\/strong><\/p><p>Alle Einzelheiten zur Verwendung von Cookies finden Sie in der Cookie-Erkl\u00e4rung auf dieser Website.<\/p><p><strong>GOOGLE ANALYTICS<\/strong><\/p><p>Bei der Verarbeitung personenbezogener Daten kann es in manchen F\u00e4llen (wenn die Website den Dienst Google Analytics nutzt) dazu kommen, dass bestimmte Daten von der Google Analytics-Plattform gespeichert werden. Weitere Informationen finden Sie in den Datenschutzbestimmungen der Google Analytics-Plattform.<\/p><p><strong>VERLETZUNG PERSONENBEZOGENER DATEN<\/strong><\/p><p>Im Falle einer Verletzung des Schutzes personenbezogener Daten benachrichtigen wir Sie und die f\u00fcr den Schutz personenbezogener Daten zust\u00e4ndige Beh\u00f6rde (sp\u00e4testens innerhalb von 72 Stunden).<\/p><p><strong>\u00c4NDERUNG DER DATENSCHUTZRICHTLINIE<\/strong><\/p><p>Wir behalten uns das Recht vor, diese Datenschutzrichtlinie jederzeit zu \u00e4ndern. Zu einer besonderen Mitteilung sind wir nicht verpflichtet. Daher bitten wir Sie als Nutzer, diese Datenschutzrichtlinie regelm\u00e4\u00dfig zu \u00fcberpr\u00fcfen.<\/p><p><strong>Diese Datenschutzrichtlinie wurde zuletzt am 29. Juni 2023 aktualisiert.<\/strong><\/p>\t\t\t\t\t\t<\/div>\n\t\t\t\t<\/div>\n\t\t\t\t\t<\/div>\n\t\t\t\t<\/div>\n\t\t\t\t\t\t\t<\/div>","protected":false},"excerpt":{"rendered":"<p>Odvjetnik Boris Kozjak po\u0161tuje Va\u0161u privatnost i Va\u0161a prava. Ova politika privatnosti u skladu je sa Op\u0107om uredbom o za\u0161titi osobnih podataka. \u0160TO JE OP\u0106A UREDBA O ZA\u0160TITI OSOBNIH PODATAKA (GDPR). To je Uredba (EU) 2016\/679 Europskog parlamenta i Vije\u0107a od 27. travnja 2016. o za\u0161titi pojedinaca u vezi s obradom osobnih podataka. U svim&#8230;<\/p>","protected":false},"author":1,"featured_media":0,"parent":0,"menu_order":0,"comment_status":"closed","ping_status":"closed","template":"","meta":[],"yoast_head":"<!-- This site is optimized with the Yoast SEO plugin v20.11 - https:\/\/yoast.com\/wordpress\/plugins\/seo\/ -->\n<title>Politika Privatnosti - Odvjetnik Kozjak<\/title>\n<meta name=\"robots\" content=\"index, follow, max-snippet:-1, max-image-preview:large, max-video-preview:-1\" \/>\n<link rel=\"canonical\" href=\"https:\/\/odvjetnik-kozjak.hr\/de\/politika-privatnosti\/\" \/>\n<meta property=\"og:locale\" content=\"de_DE\" \/>\n<meta property=\"og:type\" content=\"article\" \/>\n<meta property=\"og:title\" content=\"Politika Privatnosti - Odvjetnik Kozjak\" \/>\n<meta property=\"og:description\" content=\"Odvjetnik Boris Kozjak po\u0161tuje Va\u0161u privatnost i Va\u0161a prava. Ova politika privatnosti u skladu je sa Op\u0107om uredbom o za\u0161titi osobnih podataka. \u0160TO JE OP\u0106A UREDBA O ZA\u0160TITI OSOBNIH PODATAKA (GDPR). To je Uredba (EU) 2016\/679 Europskog parlamenta i Vije\u0107a od 27. travnja 2016. o za\u0161titi pojedinaca u vezi s obradom osobnih podataka. U svim...\" \/>\n<meta property=\"og:url\" content=\"https:\/\/odvjetnik-kozjak.hr\/de\/politika-privatnosti\/\" \/>\n<meta property=\"og:site_name\" content=\"Odvjetnik Kozjak\" \/>\n<meta property=\"article:modified_time\" content=\"2023-07-11T12:12:34+00:00\" \/>\n<meta name=\"twitter:card\" content=\"summary_large_image\" \/>\n<meta name=\"twitter:label1\" content=\"Gesch\u00e4tzte Lesezeit\" \/>\n\t<meta name=\"twitter:data1\" content=\"5\u00a0Minuten\" \/>\n<script type=\"application\/ld+json\" class=\"yoast-schema-graph\">{\"@context\":\"https:\/\/schema.org\",\"@graph\":[{\"@type\":\"WebPage\",\"@id\":\"https:\/\/odvjetnik-kozjak.hr\/politika-privatnosti\/\",\"url\":\"https:\/\/odvjetnik-kozjak.hr\/politika-privatnosti\/\",\"name\":\"Politika Privatnosti - Odvjetnik Kozjak\",\"isPartOf\":{\"@id\":\"https:\/\/odvjetnik-kozjak.hr\/#website\"},\"datePublished\":\"2023-06-29T19:25:30+00:00\",\"dateModified\":\"2023-07-11T12:12:34+00:00\",\"breadcrumb\":{\"@id\":\"https:\/\/odvjetnik-kozjak.hr\/politika-privatnosti\/#breadcrumb\"},\"inLanguage\":\"de\",\"potentialAction\":[{\"@type\":\"ReadAction\",\"target\":[\"https:\/\/odvjetnik-kozjak.hr\/politika-privatnosti\/\"]}]},{\"@type\":\"BreadcrumbList\",\"@id\":\"https:\/\/odvjetnik-kozjak.hr\/politika-privatnosti\/#breadcrumb\",\"itemListElement\":[{\"@type\":\"ListItem\",\"position\":1,\"name\":\"Po\u010detna stranica\",\"item\":\"https:\/\/odvjetnik-kozjak.hr\/\"},{\"@type\":\"ListItem\",\"position\":2,\"name\":\"Politika Privatnosti\"}]},{\"@type\":\"WebSite\",\"@id\":\"https:\/\/odvjetnik-kozjak.hr\/#website\",\"url\":\"https:\/\/odvjetnik-kozjak.hr\/\",\"name\":\"Odvjetnik Boris Kozjak\",\"description\":\"Odvjetni\u010dki ured\",\"potentialAction\":[{\"@type\":\"SearchAction\",\"target\":{\"@type\":\"EntryPoint\",\"urlTemplate\":\"https:\/\/odvjetnik-kozjak.hr\/?s={search_term_string}\"},\"query-input\":\"required name=search_term_string\"}],\"inLanguage\":\"de\"}]}<\/script>\n<!-- \/ Yoast SEO plugin. -->","yoast_head_json":{"title":"Politika Privatnosti - Odvjetnik Kozjak","robots":{"index":"index","follow":"follow","max-snippet":"max-snippet:-1","max-image-preview":"max-image-preview:large","max-video-preview":"max-video-preview:-1"},"canonical":"https:\/\/odvjetnik-kozjak.hr\/de\/politika-privatnosti\/","og_locale":"de_DE","og_type":"article","og_title":"Politika Privatnosti - Odvjetnik Kozjak","og_description":"Odvjetnik Boris Kozjak po\u0161tuje Va\u0161u privatnost i Va\u0161a prava. Ova politika privatnosti u skladu je sa Op\u0107om uredbom o za\u0161titi osobnih podataka. \u0160TO JE OP\u0106A UREDBA O ZA\u0160TITI OSOBNIH PODATAKA (GDPR). To je Uredba (EU) 2016\/679 Europskog parlamenta i Vije\u0107a od 27. travnja 2016. o za\u0161titi pojedinaca u vezi s obradom osobnih podataka. U svim...","og_url":"https:\/\/odvjetnik-kozjak.hr\/de\/politika-privatnosti\/","og_site_name":"Odvjetnik Kozjak","article_modified_time":"2023-07-11T12:12:34+00:00","twitter_card":"summary_large_image","twitter_misc":{"Gesch\u00e4tzte Lesezeit":"5\u00a0Minuten"},"schema":{"@context":"https:\/\/schema.org","@graph":[{"@type":"WebPage","@id":"https:\/\/odvjetnik-kozjak.hr\/politika-privatnosti\/","url":"https:\/\/odvjetnik-kozjak.hr\/politika-privatnosti\/","name":"Politika Privatnosti - Odvjetnik Kozjak","isPartOf":{"@id":"https:\/\/odvjetnik-kozjak.hr\/#website"},"datePublished":"2023-06-29T19:25:30+00:00","dateModified":"2023-07-11T12:12:34+00:00","breadcrumb":{"@id":"https:\/\/odvjetnik-kozjak.hr\/politika-privatnosti\/#breadcrumb"},"inLanguage":"de","potentialAction":[{"@type":"ReadAction","target":["https:\/\/odvjetnik-kozjak.hr\/politika-privatnosti\/"]}]},{"@type":"BreadcrumbList","@id":"https:\/\/odvjetnik-kozjak.hr\/politika-privatnosti\/#breadcrumb","itemListElement":[{"@type":"ListItem","position":1,"name":"Po\u010detna stranica","item":"https:\/\/odvjetnik-kozjak.hr\/"},{"@type":"ListItem","position":2,"name":"Politika Privatnosti"}]},{"@type":"WebSite","@id":"https:\/\/odvjetnik-kozjak.hr\/#website","url":"https:\/\/odvjetnik-kozjak.hr\/","name":"Odvjetnik Boris Kozjak","description":"Odvjetni\u010dki ured","potentialAction":[{"@type":"SearchAction","target":{"@type":"EntryPoint","urlTemplate":"https:\/\/odvjetnik-kozjak.hr\/?s={search_term_string}"},"query-input":"required name=search_term_string"}],"inLanguage":"de"}]}},"_links":{"self":[{"href":"https:\/\/odvjetnik-kozjak.hr\/de\/wp-json\/wp\/v2\/pages\/6189"}],"collection":[{"href":"https:\/\/odvjetnik-kozjak.hr\/de\/wp-json\/wp\/v2\/pages"}],"about":[{"href":"https:\/\/odvjetnik-kozjak.hr\/de\/wp-json\/wp\/v2\/types\/page"}],"author":[{"embeddable":true,"href":"https:\/\/odvjetnik-kozjak.hr\/de\/wp-json\/wp\/v2\/users\/1"}],"replies":[{"embeddable":true,"href":"https:\/\/odvjetnik-kozjak.hr\/de\/wp-json\/wp\/v2\/comments?post=6189"}],"version-history":[{"count":10,"href":"https:\/\/odvjetnik-kozjak.hr\/de\/wp-json\/wp\/v2\/pages\/6189\/revisions"}],"predecessor-version":[{"id":6778,"href":"https:\/\/odvjetnik-kozjak.hr\/de\/wp-json\/wp\/v2\/pages\/6189\/revisions\/6778"}],"wp:attachment":[{"href":"https:\/\/odvjetnik-kozjak.hr\/de\/wp-json\/wp\/v2\/media?parent=6189"}],"curies":[{"name":"wp","href":"https:\/\/api.w.org\/{rel}","templated":true}]}}