{"id":22,"date":"2019-05-06T06:39:36","date_gmt":"2019-05-06T06:39:36","guid":{"rendered":"http:\/\/localhost\/johnfirm\/?page_id=22"},"modified":"2023-07-11T15:02:23","modified_gmt":"2023-07-11T13:02:23","slug":"kontakt","status":"publish","type":"page","link":"https:\/\/odvjetnik-kozjak.hr\/en\/kontakt\/","title":{"rendered":"Contact"},"content":{"rendered":"<div data-elementor-type=\"wp-page\" data-elementor-id=\"22\" class=\"elementor elementor-22\">\n\t\t\t\t\t\t\t\t\t<section class=\"elementor-section elementor-top-section elementor-element elementor-element-2df1964 elementor-section-stretched elementor-section-boxed elementor-section-height-default elementor-section-height-default\" data-id=\"2df1964\" data-element_type=\"section\" data-settings=\"{&quot;stretch_section&quot;:&quot;section-stretched&quot;,&quot;background_background&quot;:&quot;classic&quot;}\">\n\t\t\t\t\t\t<div class=\"elementor-container elementor-column-gap-default\">\n\t\t\t\t\t<div class=\"elementor-column elementor-col-50 elementor-top-column elementor-element elementor-element-19638b0\" data-id=\"19638b0\" data-element_type=\"column\" data-settings=\"{&quot;background_background&quot;:&quot;classic&quot;}\">\n\t\t\t<div class=\"elementor-widget-wrap elementor-element-populated\">\n\t\t\t\t\t\t\t\t<section class=\"elementor-section elementor-inner-section elementor-element elementor-element-8704d0c elementor-section-boxed elementor-section-height-default elementor-section-height-default\" data-id=\"8704d0c\" data-element_type=\"section\">\n\t\t\t\t\t\t<div class=\"elementor-container elementor-column-gap-default\">\n\t\t\t\t\t<div class=\"elementor-column elementor-col-100 elementor-inner-column elementor-element elementor-element-68b31f0\" data-id=\"68b31f0\" data-element_type=\"column\">\n\t\t\t<div class=\"elementor-widget-wrap elementor-element-populated\">\n\t\t\t\t\t\t\t\t<div class=\"elementor-element elementor-element-ccf310b elementor-widget elementor-widget-image\" data-id=\"ccf310b\" data-element_type=\"widget\" data-widget_type=\"image.default\">\n\t\t\t\t<div class=\"elementor-widget-container\">\n\t\t\t<style>\/*! elementor - v3.14.0 - 26-06-2023 *\/\n.elementor-widget-image{text-align:center}.elementor-widget-image a{display:inline-block}.elementor-widget-image a img[src$=\".svg\"]{width:48px}.elementor-widget-image img{vertical-align:middle;display:inline-block}<\/style>\t\t\t\t\t\t\t\t\t\t\t\t<img decoding=\"async\" width=\"640\" height=\"583\" src=\"https:\/\/odvjetnik-kozjak.hr\/wp-content\/uploads\/2023\/07\/DvSC_0005-1024x933.jpg\" class=\"attachment-large size-large wp-image-6759\" alt=\"\" loading=\"lazy\" srcset=\"https:\/\/odvjetnik-kozjak.hr\/wp-content\/uploads\/2023\/07\/DvSC_0005-1024x933.jpg 1024w, https:\/\/odvjetnik-kozjak.hr\/wp-content\/uploads\/2023\/07\/DvSC_0005-300x273.jpg 300w, https:\/\/odvjetnik-kozjak.hr\/wp-content\/uploads\/2023\/07\/DvSC_0005-768x699.jpg 768w, https:\/\/odvjetnik-kozjak.hr\/wp-content\/uploads\/2023\/07\/DvSC_0005-1536x1399.jpg 1536w, https:\/\/odvjetnik-kozjak.hr\/wp-content\/uploads\/2023\/07\/DvSC_0005-2048x1865.jpg 2048w, https:\/\/odvjetnik-kozjak.hr\/wp-content\/uploads\/2023\/07\/DvSC_0005-13x12.jpg 13w\" sizes=\"(max-width: 640px) 100vw, 640px\" \/>\t\t\t\t\t\t\t\t\t\t\t\t\t\t\t<\/div>\n\t\t\t\t<\/div>\n\t\t\t\t<div class=\"elementor-element elementor-element-69dcc25 elementor-widget elementor-widget-prelements-heading\" data-id=\"69dcc25\" data-element_type=\"widget\" data-widget_type=\"prelements-heading.default\">\n\t\t\t\t<div class=\"elementor-widget-container\">\n\t\t\t\r\n        <div class=\"prelements-heading default animate-\">\r\n        \t<div class=\"title-inner\">        \t\t      \t\t\r\n\t            <h2 class=\"title\"><span class=\"watermark\"><\/span>Headquarters<\/h2>\t\t\t\t\r\n\t\t\t\t\t        <\/div>\r\n\t                <\/div>\r\n        \t\t<\/div>\n\t\t\t\t<\/div>\n\t\t\t\t<div class=\"elementor-element elementor-element-9aef88b elementor-widget elementor-widget-prelements-service-grid\" data-id=\"9aef88b\" data-element_type=\"widget\" data-widget_type=\"prelements-service-grid.default\">\n\t\t\t\t<div class=\"elementor-widget-container\">\n\t\t\t\t\t\r\n\t\t<div class=\"prelements-addon-services services-style4\">\r\n\t\t    <div class=\"services-part\">\r\n\t\t    \t\t\t    \t\t<div class=\"services-icon\">\r\n\r\n\t\t\t    \t\t\r\n\r\n\t\t\t    \t\t\t\t\t    \t\t\t<span class=\"pre-icon\">\r\n\t\t\t\t    \t\t\t<i aria-hidden=\"true\" class=\"fas fa-phone-alt\"><\/i>\t\t\t\t    \t\t<\/span>\r\n\t\t\t    \t\t\r\n\t\t\t    \t\t\t\t\t    \t\t\r\n\r\n\t\t\t    \t\t\r\n\t\t\t    \t\t\t\t    \t\t<\/div>\r\n\t\t    \t\t\t    \t\t       \r\n\t\t\t    <div class=\"services-text\">\r\n\t\t\t    \t\t\t\t\t    \t<div class=\"services-title\">\r\n\t\t\t\t    \t\t\r\n\t\t\t\t    \t\t\t\t\t\t    \t\t\t<h2 class=\"title\"> Phone<\/h2>\r\n\t\t\t\t    \t\t\t\t\t\t    \t\t\r\n\t\t\t\t    \t<\/div>\r\n\t\t\t    \t\t\t\t    \t\r\n\t\t\t    \t\t\t\t    \t\t<p class=\"services-txt\">  (+385) 98 9818 199<\/p>\t\r\n\t\t\t    \t\t\r\n\r\n\r\n\t\t\t\t    \r\n\t\t\t    \t\t\t    \t    \t\t    \t    \t\r\n\t\t\t    <\/div>\r\n\r\n\t\t\t    \r\n\t\t\t<\/div>\r\n\t\t<\/div>\t\r\n\t\t\r\n\t\t\t<\/div>\n\t\t\t\t<\/div>\n\t\t\t\t<div class=\"elementor-element elementor-element-0f922f1 elementor-widget elementor-widget-prelements-service-grid\" data-id=\"0f922f1\" data-element_type=\"widget\" data-widget_type=\"prelements-service-grid.default\">\n\t\t\t\t<div class=\"elementor-widget-container\">\n\t\t\t\t\t\r\n\t\t<div class=\"prelements-addon-services services-style4\">\r\n\t\t    <div class=\"services-part\">\r\n\t\t    \t\t\t    \t\t<div class=\"services-icon\">\r\n\r\n\t\t\t    \t\t\r\n\r\n\t\t\t    \t\t\t\t\t    \t\t\t<span class=\"pre-icon\">\r\n\t\t\t\t    \t\t\t<i aria-hidden=\"true\" class=\"fas fa-fax\"><\/i>\t\t\t\t    \t\t<\/span>\r\n\t\t\t    \t\t\r\n\t\t\t    \t\t\t\t\t    \t\t\r\n\r\n\t\t\t    \t\t\r\n\t\t\t    \t\t\t\t    \t\t<\/div>\r\n\t\t    \t\t\t    \t\t       \r\n\t\t\t    <div class=\"services-text\">\r\n\t\t\t    \t\t\t\t\t    \t<div class=\"services-title\">\r\n\t\t\t\t    \t\t\r\n\t\t\t\t    \t\t\t\t\t\t    \t\t\t<h2 class=\"title\"> Fax<\/h2>\r\n\t\t\t\t    \t\t\t\t\t\t    \t\t\r\n\t\t\t\t    \t<\/div>\r\n\t\t\t    \t\t\t\t    \t\r\n\t\t\t    \t\t\t\t    \t\t<p class=\"services-txt\">  (+385) 33 721 702<\/p>\t\r\n\t\t\t    \t\t\r\n\r\n\r\n\t\t\t\t    \r\n\t\t\t    \t\t\t    \t    \t\t    \t    \t\r\n\t\t\t    <\/div>\r\n\r\n\t\t\t    \r\n\t\t\t<\/div>\r\n\t\t<\/div>\t\r\n\t\t\r\n\t\t\t<\/div>\n\t\t\t\t<\/div>\n\t\t\t\t<div class=\"elementor-element elementor-element-29e67d9 elementor-widget elementor-widget-prelements-service-grid\" data-id=\"29e67d9\" data-element_type=\"widget\" data-widget_type=\"prelements-service-grid.default\">\n\t\t\t\t<div class=\"elementor-widget-container\">\n\t\t\t\t\t\r\n\t\t<div class=\"prelements-addon-services services-style4\">\r\n\t\t    <div class=\"services-part\">\r\n\t\t    \t\t\t    \t\t<div class=\"services-icon\">\r\n\r\n\t\t\t    \t\t\r\n\r\n\t\t\t    \t\t\t\t\t    \t\t\t<span class=\"pre-icon\">\r\n\t\t\t\t    \t\t\t<i aria-hidden=\"true\" class=\"far fa-envelope-open\"><\/i>\t\t\t\t    \t\t<\/span>\r\n\t\t\t    \t\t\r\n\t\t\t    \t\t\t\t\t    \t\t\r\n\r\n\t\t\t    \t\t\r\n\t\t\t    \t\t\t\t    \t\t<\/div>\r\n\t\t    \t\t\t    \t\t       \r\n\t\t\t    <div class=\"services-text\">\r\n\t\t\t    \t\t\t\t\t    \t<div class=\"services-title\">\r\n\t\t\t\t    \t\t\r\n\t\t\t\t    \t\t\t\t\t\t    \t\t\t<h2 class=\"title\"> Email<\/h2>\r\n\t\t\t\t    \t\t\t\t\t\t    \t\t\r\n\t\t\t\t    \t<\/div>\r\n\t\t\t    \t\t\t\t    \t\r\n\t\t\t    \t\t\t\t    \t\t<p class=\"services-txt\">  odvjetnik_kozjak@net.hr\nboris.kozjak62@gmail.com<\/p>\t\r\n\t\t\t    \t\t\r\n\r\n\r\n\t\t\t\t    \r\n\t\t\t    \t\t\t    \t    \t\t    \t    \t\r\n\t\t\t    <\/div>\r\n\r\n\t\t\t    \r\n\t\t\t<\/div>\r\n\t\t<\/div>\t\r\n\t\t\r\n\t\t\t<\/div>\n\t\t\t\t<\/div>\n\t\t\t\t<div class=\"elementor-element elementor-element-fc62b54 elementor-widget elementor-widget-prelements-service-grid\" data-id=\"fc62b54\" data-element_type=\"widget\" data-widget_type=\"prelements-service-grid.default\">\n\t\t\t\t<div class=\"elementor-widget-container\">\n\t\t\t\t\t\r\n\t\t<div class=\"prelements-addon-services services-style4\">\r\n\t\t    <div class=\"services-part\">\r\n\t\t    \t\t\t    \t\t<div class=\"services-icon\">\r\n\r\n\t\t\t    \t\t\r\n\r\n\t\t\t    \t\t\t\t\t    \t\t\t<span class=\"pre-icon\">\r\n\t\t\t\t    \t\t\t<i aria-hidden=\"true\" class=\"fas fa-map-marker-alt\"><\/i>\t\t\t\t    \t\t<\/span>\r\n\t\t\t    \t\t\r\n\t\t\t    \t\t\t\t\t    \t\t\r\n\r\n\t\t\t    \t\t\r\n\t\t\t    \t\t\t\t    \t\t<\/div>\r\n\t\t    \t\t\t    \t\t       \r\n\t\t\t    <div class=\"services-text\">\r\n\t\t\t    \t\t\t\t\t    \t<div class=\"services-title\">\r\n\t\t\t\t    \t\t\r\n\t\t\t\t    \t\t\t\t\t\t    \t\t\t<h2 class=\"title\"> Address<\/h2>\r\n\t\t\t\t    \t\t\t\t\t\t    \t\t\r\n\t\t\t\t    \t<\/div>\r\n\t\t\t    \t\t\t\t    \t\r\n\t\t\t    \t\t\t\t    \t\t<p class=\"services-txt\">  Ul. Augusta \u0160enoe 3<br \/>\n33000 Virovitica<br \/>\nCroatia<\/p>\t\r\n\t\t\t    \t\t\r\n\r\n\r\n\t\t\t\t    \r\n\t\t\t    \t\t\t    \t    \t\t    \t    \t\r\n\t\t\t    <\/div>\r\n\r\n\t\t\t    \r\n\t\t\t<\/div>\r\n\t\t<\/div>\t\r\n\t\t\r\n\t\t\t<\/div>\n\t\t\t\t<\/div>\n\t\t\t\t\t<\/div>\n\t\t<\/div>\n\t\t\t\t\t\t\t<\/div>\n\t\t<\/section>\n\t\t\t\t\t<\/div>\n\t\t<\/div>\n\t\t\t\t<div class=\"elementor-column elementor-col-50 elementor-top-column elementor-element elementor-element-b453e67\" data-id=\"b453e67\" data-element_type=\"column\" data-settings=\"{&quot;background_background&quot;:&quot;classic&quot;}\">\n\t\t\t<div class=\"elementor-widget-wrap elementor-element-populated\">\n\t\t\t\t\t\t\t\t<div class=\"elementor-element elementor-element-10affc4 elementor-widget elementor-widget-prelements-heading\" data-id=\"10affc4\" data-element_type=\"widget\" data-widget_type=\"prelements-heading.default\">\n\t\t\t\t<div class=\"elementor-widget-container\">\n\t\t\t\r\n        <div class=\"prelements-heading default animate-\">\r\n        \t<div class=\"title-inner\">        \t\t      \t\t\r\n\t            <h2 class=\"title\"><span class=\"watermark\"><\/span>Contact Us<\/h2>\t\t\t\t\r\n\t\t\t\t\t        <\/div>\r\n\t                    \t<div class=\"description\">\r\n            \t\t<p style=\"text-align: justify\">Do you want to get legal advice or request our professional support? Fill out our contact form and allow us to provide you with the help you need. Your question is important to us, and we will carefully provide you with the answers and solutions you need. Send us a message today and we will work together to achieve your legal goals.<\/p>            \t\t\r\n            \t<\/div>\r\n        \t        <\/div>\r\n        \t\t<\/div>\n\t\t\t\t<\/div>\n\t\t\t\t<div class=\"elementor-element elementor-element-5baf5ba elementor-widget elementor-widget-prelements-cf7\" data-id=\"5baf5ba\" data-element_type=\"widget\" data-widget_type=\"prelements-cf7.default\">\n\t\t\t\t<div class=\"elementor-widget-container\">\n\t\t\t\n<div class=\"wpcf7 no-js\" id=\"wpcf7-f6-o1\" lang=\"en-US\" dir=\"ltr\">\n<div class=\"screen-reader-response\"><p role=\"status\" aria-live=\"polite\" aria-atomic=\"true\"><\/p> <ul><\/ul><\/div>\n<form action=\"\/en\/wp-json\/wp\/v2\/pages\/22#wpcf7-f6-o1\" method=\"post\" class=\"wpcf7-form init\" aria-label=\"Contact form\" novalidate=\"novalidate\" data-status=\"init\" data-trp-original-action=\"\/en\/wp-json\/wp\/v2\/pages\/22#wpcf7-f6-o1\">\n<div style=\"display: none;\">\n<input type=\"hidden\" name=\"_wpcf7\" value=\"6\" \/>\n<input type=\"hidden\" name=\"_wpcf7_version\" value=\"5.7.7\" \/>\n<input type=\"hidden\" name=\"_wpcf7_locale\" value=\"en_US\" \/>\n<input type=\"hidden\" name=\"_wpcf7_unit_tag\" value=\"wpcf7-f6-o1\" \/>\n<input type=\"hidden\" name=\"_wpcf7_container_post\" value=\"0\" \/>\n<input type=\"hidden\" name=\"_wpcf7_posted_data_hash\" value=\"\" \/>\n<\/div>\n<div class=\"contact-page1\">\n\t<div class=\"row\">\n\t\t<div class=\"col-md-6\">\n\t\t\t<p><span class=\"wpcf7-form-control-wrap\" data-name=\"your-name\"><input size=\"40\" class=\"wpcf7-form-control wpcf7-text wpcf7-validates-as-required\" aria-required=\"true\" aria-invalid=\"false\" placeholder=\"First and Last Name\" value=\"\" type=\"text\" name=\"your-name\" \/><\/span>\n\t\t\t<\/p>\n\t\t<\/div>\n\t\t<div class=\"col-md-6\">\n\t\t\t<p><span class=\"wpcf7-form-control-wrap\" data-name=\"your-email\"><input size=\"40\" class=\"wpcf7-form-control wpcf7-text wpcf7-email wpcf7-validates-as-required wpcf7-validates-as-email\" aria-required=\"true\" aria-invalid=\"false\" placeholder=\"E-mail\" value=\"\" type=\"email\" name=\"your-email\" \/><\/span>\n\t\t\t<\/p>\n\t\t<\/div>\n\t\t<div class=\"col-md-6\">\n\t\t\t<p><span class=\"wpcf7-form-control-wrap\" data-name=\"your-phone\"><input size=\"40\" class=\"wpcf7-form-control wpcf7-text\" aria-invalid=\"false\" placeholder=\"Phone\" value=\"\" type=\"text\" name=\"your-phone\" \/><\/span>\n\t\t\t<\/p>\n\t\t<\/div>\n\t\t<div class=\"col-md-6\">\n\t\t\t<p><span class=\"wpcf7-form-control-wrap\" data-name=\"your-website\"><input size=\"40\" class=\"wpcf7-form-control wpcf7-text\" aria-invalid=\"false\" placeholder=\"Website\" value=\"\" type=\"text\" name=\"your-website\" \/><\/span>\n\t\t\t<\/p>\n\t\t<\/div>\n\t<\/div>\n\t<div class=\"row\">\n\t\t<div class=\"col-md-12\">\n\t\t\t<p><span class=\"wpcf7-form-control-wrap\" data-name=\"your-message\"><textarea cols=\"40\" rows=\"10\" class=\"wpcf7-form-control wpcf7-textarea wpcf7-validates-as-required\" aria-required=\"true\" aria-invalid=\"false\" placeholder=\"Message\" name=\"your-message\"><\/textarea><\/span>\n\t\t\t<\/p>\n\t\t<\/div>\n\t<\/div>\n\t<div class=\"row\">\n\t\t<div class=\"col-md-12\">\n\t\t\t<p><input class=\"wpcf7-form-control has-spinner wpcf7-submit\" type=\"submit\" value=\"Send\" \/>\n\t\t\t<\/p>\n\t\t<\/div>\n\t<\/div>\n<\/div>\n<div class=\"wpcf7-response-output\" aria-hidden=\"true\"><\/div>\n<input type=\"hidden\" name=\"trp-form-language\" value=\"en\"\/><\/form>\n<\/div>\n\t\t<\/div>\n\t\t\t\t<\/div>\n\t\t\t\t\t<\/div>\n\t\t<\/div>\n\t\t\t\t\t\t\t<\/div>\n\t\t<\/section>\n\t\t\t\t<section class=\"elementor-section elementor-top-section elementor-element elementor-element-625cec5 elementor-section-full_width elementor-section-stretched elementor-section-height-default elementor-section-height-default\" data-id=\"625cec5\" data-element_type=\"section\" data-settings=\"{&quot;stretch_section&quot;:&quot;section-stretched&quot;}\">\n\t\t\t\t\t\t<div class=\"elementor-container elementor-column-gap-default\">\n\t\t\t\t\t<div class=\"elementor-column elementor-col-100 elementor-top-column elementor-element elementor-element-2530669\" data-id=\"2530669\" data-element_type=\"column\">\n\t\t\t<div class=\"elementor-widget-wrap elementor-element-populated\">\n\t\t\t\t\t\t\t\t<div class=\"elementor-element elementor-element-0a9e069 elementor-widget elementor-widget-google_maps\" data-id=\"0a9e069\" data-element_type=\"widget\" data-widget_type=\"google_maps.default\">\n\t\t\t\t<div class=\"elementor-widget-container\">\n\t\t\t<style>\/*! elementor - v3.14.0 - 26-06-2023 *\/\n.elementor-widget-google_maps .elementor-widget-container{overflow:hidden}.elementor-widget-google_maps .elementor-custom-embed{line-height:0}.elementor-widget-google_maps iframe{height:300px}<\/style>\t\t<div class=\"elementor-custom-embed\">\n\t\t\t<iframe loading=\"lazy\"\n\t\t\t\t\tsrc=\"https:\/\/maps.google.com\/maps?q=Ul.%20Augusta%20%C5%A0enoe%203%20virovitica&#038;t=m&#038;z=16&#038;output=embed&#038;iwloc=near\"\n\t\t\t\t\ttitle=\"Ul. Augusta \u0160enoe 3 virovitica\"\n\t\t\t\t\taria-label=\"Ul. Augusta \u0160enoe 3 virovitica\"\n\t\t\t><\/iframe>\n\t\t<\/div>\n\t\t\t\t<\/div>\n\t\t\t\t<\/div>\n\t\t\t\t\t<\/div>\n\t\t<\/div>\n\t\t\t\t\t\t\t<\/div>\n\t\t<\/section>\n\t\t\t\t\t\t\t<\/div>","protected":false},"excerpt":{"rendered":"<p>Glavni ured Telefon (+385) 98 9818 199 Fax (+385) 33 721 702 Email odvjetnik_kozjak@net.hr boris.kozjak62@gmail.com Adresa Ul. Augusta \u0160enoe 3 33000 Virovitica Hrvatska Kontaktirajte nas \u017delite dobiti pravni savjet ili zatra\u017eiti na\u0161u stru\u010dnu podr\u0161ku? Ispunite na\u0161u kontakt formu i omogu\u0107ite nam da vam pru\u017eimo potrebnu pomo\u0107. Va\u0161e pitanje je va\u017eno za nas, i sa pa\u017enjom&#8230;<\/p>","protected":false},"author":1,"featured_media":0,"parent":0,"menu_order":0,"comment_status":"closed","ping_status":"closed","template":"","meta":[],"yoast_head":"<!-- This site is optimized with the Yoast SEO plugin v20.11 - https:\/\/yoast.com\/wordpress\/plugins\/seo\/ -->\n<title>Kontakt - Odvjetnik Kozjak<\/title>\n<meta name=\"robots\" content=\"index, follow, max-snippet:-1, max-image-preview:large, max-video-preview:-1\" \/>\n<link rel=\"canonical\" href=\"https:\/\/odvjetnik-kozjak.hr\/en\/kontakt\/\" \/>\n<meta property=\"og:locale\" content=\"en_GB\" \/>\n<meta property=\"og:type\" content=\"article\" \/>\n<meta property=\"og:title\" content=\"Kontakt - Odvjetnik Kozjak\" \/>\n<meta property=\"og:description\" content=\"Glavni ured Telefon (+385) 98 9818 199 Fax (+385) 33 721 702 Email odvjetnik_kozjak@net.hr boris.kozjak62@gmail.com Adresa Ul. Augusta \u0160enoe 3 33000 Virovitica Hrvatska Kontaktirajte nas \u017delite dobiti pravni savjet ili zatra\u017eiti na\u0161u stru\u010dnu podr\u0161ku? Ispunite na\u0161u kontakt formu i omogu\u0107ite nam da vam pru\u017eimo potrebnu pomo\u0107. Va\u0161e pitanje je va\u017eno za nas, i sa pa\u017enjom...\" \/>\n<meta property=\"og:url\" content=\"https:\/\/odvjetnik-kozjak.hr\/en\/kontakt\/\" \/>\n<meta property=\"og:site_name\" content=\"Odvjetnik Kozjak\" \/>\n<meta property=\"article:modified_time\" content=\"2023-07-11T13:02:23+00:00\" \/>\n<meta property=\"og:image\" content=\"https:\/\/odvjetnik-kozjak.hr\/wp-content\/uploads\/2023\/07\/DvSC_0005-1024x933.jpg\" \/>\n<meta name=\"twitter:card\" content=\"summary_large_image\" \/>\n<meta name=\"twitter:label1\" content=\"Estimated reading time\" \/>\n\t<meta name=\"twitter:data1\" content=\"1 minute\" \/>\n<script type=\"application\/ld+json\" class=\"yoast-schema-graph\">{\"@context\":\"https:\/\/schema.org\",\"@graph\":[{\"@type\":\"WebPage\",\"@id\":\"https:\/\/odvjetnik-kozjak.hr\/kontakt\/\",\"url\":\"https:\/\/odvjetnik-kozjak.hr\/kontakt\/\",\"name\":\"Kontakt - Odvjetnik Kozjak\",\"isPartOf\":{\"@id\":\"https:\/\/odvjetnik-kozjak.hr\/#website\"},\"datePublished\":\"2019-05-06T06:39:36+00:00\",\"dateModified\":\"2023-07-11T13:02:23+00:00\",\"breadcrumb\":{\"@id\":\"https:\/\/odvjetnik-kozjak.hr\/kontakt\/#breadcrumb\"},\"inLanguage\":\"en-GB\",\"potentialAction\":[{\"@type\":\"ReadAction\",\"target\":[\"https:\/\/odvjetnik-kozjak.hr\/kontakt\/\"]}]},{\"@type\":\"BreadcrumbList\",\"@id\":\"https:\/\/odvjetnik-kozjak.hr\/kontakt\/#breadcrumb\",\"itemListElement\":[{\"@type\":\"ListItem\",\"position\":1,\"name\":\"Po\u010detna stranica\",\"item\":\"https:\/\/odvjetnik-kozjak.hr\/\"},{\"@type\":\"ListItem\",\"position\":2,\"name\":\"Kontakt\"}]},{\"@type\":\"WebSite\",\"@id\":\"https:\/\/odvjetnik-kozjak.hr\/#website\",\"url\":\"https:\/\/odvjetnik-kozjak.hr\/\",\"name\":\"Odvjetnik Boris Kozjak\",\"description\":\"Odvjetni\u010dki ured\",\"potentialAction\":[{\"@type\":\"SearchAction\",\"target\":{\"@type\":\"EntryPoint\",\"urlTemplate\":\"https:\/\/odvjetnik-kozjak.hr\/?s={search_term_string}\"},\"query-input\":\"required name=search_term_string\"}],\"inLanguage\":\"en-GB\"}]}<\/script>\n<!-- \/ Yoast SEO plugin. -->","yoast_head_json":{"title":"Kontakt - Odvjetnik Kozjak","robots":{"index":"index","follow":"follow","max-snippet":"max-snippet:-1","max-image-preview":"max-image-preview:large","max-video-preview":"max-video-preview:-1"},"canonical":"https:\/\/odvjetnik-kozjak.hr\/en\/kontakt\/","og_locale":"en_GB","og_type":"article","og_title":"Kontakt - Odvjetnik Kozjak","og_description":"Glavni ured Telefon (+385) 98 9818 199 Fax (+385) 33 721 702 Email odvjetnik_kozjak@net.hr boris.kozjak62@gmail.com Adresa Ul. Augusta \u0160enoe 3 33000 Virovitica Hrvatska Kontaktirajte nas \u017delite dobiti pravni savjet ili zatra\u017eiti na\u0161u stru\u010dnu podr\u0161ku? Ispunite na\u0161u kontakt formu i omogu\u0107ite nam da vam pru\u017eimo potrebnu pomo\u0107. Va\u0161e pitanje je va\u017eno za nas, i sa pa\u017enjom...","og_url":"https:\/\/odvjetnik-kozjak.hr\/en\/kontakt\/","og_site_name":"Odvjetnik Kozjak","article_modified_time":"2023-07-11T13:02:23+00:00","og_image":[{"url":"https:\/\/odvjetnik-kozjak.hr\/wp-content\/uploads\/2023\/07\/DvSC_0005-1024x933.jpg"}],"twitter_card":"summary_large_image","twitter_misc":{"Estimated reading time":"1 minute"},"schema":{"@context":"https:\/\/schema.org","@graph":[{"@type":"WebPage","@id":"https:\/\/odvjetnik-kozjak.hr\/kontakt\/","url":"https:\/\/odvjetnik-kozjak.hr\/kontakt\/","name":"Kontakt - Odvjetnik Kozjak","isPartOf":{"@id":"https:\/\/odvjetnik-kozjak.hr\/#website"},"datePublished":"2019-05-06T06:39:36+00:00","dateModified":"2023-07-11T13:02:23+00:00","breadcrumb":{"@id":"https:\/\/odvjetnik-kozjak.hr\/kontakt\/#breadcrumb"},"inLanguage":"en-GB","potentialAction":[{"@type":"ReadAction","target":["https:\/\/odvjetnik-kozjak.hr\/kontakt\/"]}]},{"@type":"BreadcrumbList","@id":"https:\/\/odvjetnik-kozjak.hr\/kontakt\/#breadcrumb","itemListElement":[{"@type":"ListItem","position":1,"name":"Po\u010detna stranica","item":"https:\/\/odvjetnik-kozjak.hr\/"},{"@type":"ListItem","position":2,"name":"Kontakt"}]},{"@type":"WebSite","@id":"https:\/\/odvjetnik-kozjak.hr\/#website","url":"https:\/\/odvjetnik-kozjak.hr\/","name":"Odvjetnik Boris Kozjak","description":"Odvjetni\u010dki ured","potentialAction":[{"@type":"SearchAction","target":{"@type":"EntryPoint","urlTemplate":"https:\/\/odvjetnik-kozjak.hr\/?s={search_term_string}"},"query-input":"required name=search_term_string"}],"inLanguage":"en-GB"}]}},"_links":{"self":[{"href":"https:\/\/odvjetnik-kozjak.hr\/en\/wp-json\/wp\/v2\/pages\/22"}],"collection":[{"href":"https:\/\/odvjetnik-kozjak.hr\/en\/wp-json\/wp\/v2\/pages"}],"about":[{"href":"https:\/\/odvjetnik-kozjak.hr\/en\/wp-json\/wp\/v2\/types\/page"}],"author":[{"embeddable":true,"href":"https:\/\/odvjetnik-kozjak.hr\/en\/wp-json\/wp\/v2\/users\/1"}],"replies":[{"embeddable":true,"href":"https:\/\/odvjetnik-kozjak.hr\/en\/wp-json\/wp\/v2\/comments?post=22"}],"version-history":[{"count":24,"href":"https:\/\/odvjetnik-kozjak.hr\/en\/wp-json\/wp\/v2\/pages\/22\/revisions"}],"predecessor-version":[{"id":6786,"href":"https:\/\/odvjetnik-kozjak.hr\/en\/wp-json\/wp\/v2\/pages\/22\/revisions\/6786"}],"wp:attachment":[{"href":"https:\/\/odvjetnik-kozjak.hr\/en\/wp-json\/wp\/v2\/media?parent=22"}],"curies":[{"name":"wp","href":"https:\/\/api.w.org\/{rel}","templated":true}]}}