{"id":611,"date":"2019-05-16T06:57:55","date_gmt":"2019-05-16T06:57:55","guid":{"rendered":"http:\/\/192.168.0.114\/johnfirm\/?page_id=611"},"modified":"2023-06-29T21:32:37","modified_gmt":"2023-06-29T19:32:37","slug":"pravna-podrucja","status":"publish","type":"page","link":"https:\/\/odvjetnik-kozjak.hr\/en\/pravna-podrucja\/","title":{"rendered":"Legal areas"},"content":{"rendered":"<div data-elementor-type=\"wp-page\" data-elementor-id=\"611\" class=\"elementor elementor-611\">\n\t\t\t\t\t\t\t\t\t<section class=\"elementor-section elementor-top-section elementor-element elementor-element-3627fb1b elementor-section-stretched elementor-section-boxed elementor-section-height-default elementor-section-height-default\" data-id=\"3627fb1b\" data-element_type=\"section\" data-settings=\"{&quot;stretch_section&quot;:&quot;section-stretched&quot;,&quot;background_background&quot;:&quot;classic&quot;}\">\n\t\t\t\t\t\t\t<div class=\"elementor-background-overlay\"><\/div>\n\t\t\t\t\t\t\t<div class=\"elementor-container elementor-column-gap-default\">\n\t\t\t\t\t<div class=\"elementor-column elementor-col-100 elementor-top-column elementor-element elementor-element-5740c9f7\" data-id=\"5740c9f7\" data-element_type=\"column\">\n\t\t\t<div class=\"elementor-widget-wrap elementor-element-populated\">\n\t\t\t\t\t\t\t\t<section class=\"elementor-section elementor-inner-section elementor-element elementor-element-524a60b9 elementor-section-boxed elementor-section-height-default elementor-section-height-default\" data-id=\"524a60b9\" data-element_type=\"section\">\n\t\t\t\t\t\t<div class=\"elementor-container elementor-column-gap-default\">\n\t\t\t\t\t<div class=\"elementor-column elementor-col-33 elementor-inner-column elementor-element elementor-element-676f08f2\" data-id=\"676f08f2\" data-element_type=\"column\">\n\t\t\t<div class=\"elementor-widget-wrap elementor-element-populated\">\n\t\t\t\t\t\t\t\t<div class=\"elementor-element elementor-element-22cc3d8e elementor-widget elementor-widget-prelements-service-grid\" data-id=\"22cc3d8e\" data-element_type=\"widget\" data-widget_type=\"prelements-service-grid.default\">\n\t\t\t\t<div class=\"elementor-widget-container\">\n\t\t\t\t\t\r\n\t\t<div class=\"prelements-addon-services services-style4\">\r\n\t\t    <div class=\"services-part\">\r\n\t\t    \t\t\t    \t\t       \r\n\t\t\t    <div class=\"services-text\">\r\n\t\t\t    \t\t\t\t\t    \t<div class=\"services-title\">\r\n\t\t\t\t    \t\t\r\n\t\t\t\t    \t\t\t\t\t\t    \t\t\t<h4 class=\"title\"> Constitutional law and human rights<\/h4>\r\n\t\t\t\t    \t\t\t\t\t\t    \t\t\r\n\t\t\t\t    \t<\/div>\r\n\t\t\t    \t\t\t\t    \t\r\n\t\t\t    \t\t\t\t    \t\t<p class=\"services-txt\">  \nAs a law firm specializing in constitutional law, we provide our clients with the services of interpreting constitutional norms, consulting and protecting their fundamental rights and freedoms. Our purpose is to ensure legal certainty, fairness and protection of clients' interests in accordance with constitutional principles and regulations.<\/p>\t\r\n\t\t\t    \t\t\r\n\r\n\r\n\t\t\t\t    \r\n\t\t\t    \t\t\t    \t    \t\t    \t    \t\r\n\t\t\t    <\/div>\r\n\r\n\t\t\t    \r\n\t\t\t<\/div>\r\n\t\t<\/div>\t\r\n\t\t\r\n\t\t\t<\/div>\n\t\t\t\t<\/div>\n\t\t\t\t<div class=\"elementor-element elementor-element-46143f8b elementor-widget elementor-widget-prelements-service-grid\" data-id=\"46143f8b\" data-element_type=\"widget\" data-widget_type=\"prelements-service-grid.default\">\n\t\t\t\t<div class=\"elementor-widget-container\">\n\t\t\t\t\t\r\n\t\t<div class=\"prelements-addon-services services-style4\">\r\n\t\t    <div class=\"services-part\">\r\n\t\t    \t\t\t    \t\t       \r\n\t\t\t    <div class=\"services-text\">\r\n\t\t\t    \t\t\t\t\t    \t<div class=\"services-title\">\r\n\t\t\t\t    \t\t\r\n\t\t\t\t    \t\t\t\t\t\t    \t\t\t<h4 class=\"title\">  Legal areas related to property and contracts<\/h4>\r\n\t\t\t\t    \t\t\t\t\t\t    \t\t\r\n\t\t\t\t    \t<\/div>\r\n\t\t\t    \t\t\t\t    \t\r\n\t\t\t    \t\t\t\t    \t\t<p class=\"services-txt\">  - Commercial law and due diligence <br \/>\n- Land registry law and real estate.<br \/>\n- Traffic law, insurance law, compensation for traffic damage from liability insurance.<\/p>\t\r\n\t\t\t    \t\t\r\n\r\n\r\n\t\t\t\t    \r\n\t\t\t    \t\t\t    \t    \t\t    \t    \t\r\n\t\t\t    <\/div>\r\n\r\n\t\t\t    \r\n\t\t\t<\/div>\r\n\t\t<\/div>\t\r\n\t\t\r\n\t\t\t<\/div>\n\t\t\t\t<\/div>\n\t\t\t\t<div class=\"elementor-element elementor-element-6d66f344 elementor-widget elementor-widget-prelements-service-grid\" data-id=\"6d66f344\" data-element_type=\"widget\" data-widget_type=\"prelements-service-grid.default\">\n\t\t\t\t<div class=\"elementor-widget-container\">\n\t\t\t\t\t\r\n\t\t<div class=\"prelements-addon-services services-style4\">\r\n\t\t    <div class=\"services-part\">\r\n\t\t    \t\t\t    \t\t       \r\n\t\t\t    <div class=\"services-text\">\r\n\t\t\t    \t\t\t\t\t    \t<div class=\"services-title\">\r\n\t\t\t\t    \t\t\r\n\t\t\t\t    \t\t\t\t\t    \t\t\t\t\t\t\t    \t\t\t\r\n\t\t\t\t    \t\t<h4  class=\"title\"> <a href=\"#\" >Pensions and other social rights in the German-speaking area<\/a><\/h4>\r\n\r\n\t\t\t\t    \t\t\t\t\t\t    \t\t\r\n\t\t\t\t    \t<\/div>\r\n\t\t\t    \t\t\t\t    \t\r\n\t\t\t    \t\t\t\t    \t\t<p class=\"services-txt\">  - Germany <br \/>\n- Austria <br \/>\n- Switzerland<\/p>\t\r\n\t\t\t    \t\t\r\n\r\n\r\n\t\t\t\t    \r\n\t\t\t    \t\t\t    \t    \t\t    \t    \t\r\n\t\t\t    <\/div>\r\n\r\n\t\t\t    \r\n\t\t\t<\/div>\r\n\t\t<\/div>\t\r\n\t\t\r\n\t\t\t<\/div>\n\t\t\t\t<\/div>\n\t\t\t\t\t<\/div>\n\t\t<\/div>\n\t\t\t\t<div class=\"elementor-column elementor-col-33 elementor-inner-column elementor-element elementor-element-5e8ca18c\" data-id=\"5e8ca18c\" data-element_type=\"column\">\n\t\t\t<div class=\"elementor-widget-wrap elementor-element-populated\">\n\t\t\t\t\t\t\t\t<div class=\"elementor-element elementor-element-38a285f0 elementor-widget elementor-widget-prelements-service-grid\" data-id=\"38a285f0\" data-element_type=\"widget\" data-widget_type=\"prelements-service-grid.default\">\n\t\t\t\t<div class=\"elementor-widget-container\">\n\t\t\t\t\t\r\n\t\t<div class=\"prelements-addon-services services-style4\">\r\n\t\t    <div class=\"services-part\">\r\n\t\t    \t\t\t    \t\t       \r\n\t\t\t    <div class=\"services-text\">\r\n\t\t\t    \t\t\t\t\t    \t<div class=\"services-title\">\r\n\t\t\t\t    \t\t\r\n\t\t\t\t    \t\t\t\t\t\t    \t\t\t<h4 class=\"title\"> Inheritance law, especially with an international element and the composition of wills<\/h4>\r\n\t\t\t\t    \t\t\t\t\t\t    \t\t\r\n\t\t\t\t    \t<\/div>\r\n\t\t\t    \t\t\t\t    \t\r\n\t\t\t    \t\t\t\t    \t\t<p class=\"services-txt\">  We offer personalized legal services and work with clients to ensure that their intentions and wishes are reflected in legal documentation that will be recognized and implemented in accordance with relevant international and national succession law regulations.<\/p>\t\r\n\t\t\t    \t\t\r\n\r\n\r\n\t\t\t\t    \r\n\t\t\t    \t\t\t    \t    \t\t    \t    \t\r\n\t\t\t    <\/div>\r\n\r\n\t\t\t    \r\n\t\t\t<\/div>\r\n\t\t<\/div>\t\r\n\t\t\r\n\t\t\t<\/div>\n\t\t\t\t<\/div>\n\t\t\t\t<div class=\"elementor-element elementor-element-8708972 elementor-widget elementor-widget-prelements-service-grid\" data-id=\"8708972\" data-element_type=\"widget\" data-widget_type=\"prelements-service-grid.default\">\n\t\t\t\t<div class=\"elementor-widget-container\">\n\t\t\t\t\t\r\n\t\t<div class=\"prelements-addon-services services-style4\">\r\n\t\t    <div class=\"services-part\">\r\n\t\t    \t\t\t    \t\t       \r\n\t\t\t    <div class=\"services-text\">\r\n\t\t\t    \t\t\t\t\t    \t<div class=\"services-title\">\r\n\t\t\t\t    \t\t\r\n\t\t\t\t    \t\t\t\t\t    \t\t\t\t\t\t\t    \t\t\t\r\n\t\t\t\t    \t\t<h4  class=\"title\"> <a href=\"#\" > The area of \u200b\u200basylum, migration and the right to work in the EU<\/a><\/h4>\r\n\r\n\t\t\t\t    \t\t\t\t\t\t    \t\t\r\n\t\t\t\t    \t<\/div>\r\n\t\t\t    \t\t\t\t    \t\r\n\t\t\t    \t\t\t\t    \t\t<p class=\"services-txt\">  Our service covers all stages of the asylum procedure, including providing legal advice and representation in proceedings before the competent authorities. We help clients in obtaining asylum, preparing the necessary documentation and properly conducting the procedure.<\/p>\t\r\n\t\t\t    \t\t\r\n\r\n\r\n\t\t\t\t    \r\n\t\t\t    \t\t\t    \t    \t\t    \t    \t\r\n\t\t\t    <\/div>\r\n\r\n\t\t\t    \r\n\t\t\t<\/div>\r\n\t\t<\/div>\t\r\n\t\t\r\n\t\t\t<\/div>\n\t\t\t\t<\/div>\n\t\t\t\t\t<\/div>\n\t\t<\/div>\n\t\t\t\t<div class=\"elementor-column elementor-col-33 elementor-inner-column elementor-element elementor-element-7c6ef6ba\" data-id=\"7c6ef6ba\" data-element_type=\"column\">\n\t\t\t<div class=\"elementor-widget-wrap elementor-element-populated\">\n\t\t\t\t\t\t\t\t<div class=\"elementor-element elementor-element-d4e840d elementor-widget elementor-widget-prelements-service-grid\" data-id=\"d4e840d\" data-element_type=\"widget\" data-widget_type=\"prelements-service-grid.default\">\n\t\t\t\t<div class=\"elementor-widget-container\">\n\t\t\t\t\t\r\n\t\t<div class=\"prelements-addon-services services-style4\">\r\n\t\t    <div class=\"services-part\">\r\n\t\t    \t\t\t    \t\t       \r\n\t\t\t    <div class=\"services-text\">\r\n\t\t\t    \t\t\t\t\t    \t<div class=\"services-title\">\r\n\t\t\t\t    \t\t\r\n\t\t\t\t    \t\t\t\t\t\t    \t\t\t<h4 class=\"title\"> Criminal law and defense in criminal and misdemeanor proceedings<\/h4>\r\n\t\t\t\t    \t\t\t\t\t\t    \t\t\r\n\t\t\t\t    \t<\/div>\r\n\t\t\t    \t\t\t\t    \t\r\n\t\t\t    \t\t\t\t    \t\t<p class=\"services-txt\">  Our team of experts is dedicated to ensuring a fair trial, providing an adequate defense and complying with all legal norms in criminal and misdemeanor cases.<\/p>\t\r\n\t\t\t    \t\t\r\n\r\n\r\n\t\t\t\t    \r\n\t\t\t    \t\t\t    \t    \t\t    \t    \t\r\n\t\t\t    <\/div>\r\n\r\n\t\t\t    \r\n\t\t\t<\/div>\r\n\t\t<\/div>\t\r\n\t\t\r\n\t\t\t<\/div>\n\t\t\t\t<\/div>\n\t\t\t\t<div class=\"elementor-element elementor-element-32b848fb elementor-widget elementor-widget-prelements-service-grid\" data-id=\"32b848fb\" data-element_type=\"widget\" data-widget_type=\"prelements-service-grid.default\">\n\t\t\t\t<div class=\"elementor-widget-container\">\n\t\t\t\t\t\r\n\t\t<div class=\"prelements-addon-services services-style4\">\r\n\t\t    <div class=\"services-part\">\r\n\t\t    \t\t\t    \t\t       \r\n\t\t\t    <div class=\"services-text\">\r\n\t\t\t    \t\t\t\t\t    \t<div class=\"services-title\">\r\n\t\t\t\t    \t\t\r\n\t\t\t\t    \t\t\t\t\t\t    \t\t\t<h4 class=\"title\"> Contract law - conclusion of the contract<\/h4>\r\n\t\t\t\t    \t\t\t\t\t\t    \t\t\r\n\t\t\t\t    \t<\/div>\r\n\t\t\t    \t\t\t\t    \t\r\n\t\t\t    \t\t\t\t    \t\t<p class=\"services-txt\">  - Sales contracts <br \/>\n- Gift contracts <br \/>\n- Lifetime alimony contract <br \/>\n- Agreement on life support <br \/>\n- Social contracts on the establishment of commercial companies<\/p>\t\r\n\t\t\t    \t\t\r\n\r\n\r\n\t\t\t\t    \r\n\t\t\t    \t\t\t    \t    \t\t    \t    \t\r\n\t\t\t    <\/div>\r\n\r\n\t\t\t    \r\n\t\t\t<\/div>\r\n\t\t<\/div>\t\r\n\t\t\r\n\t\t\t<\/div>\n\t\t\t\t<\/div>\n\t\t\t\t\t<\/div>\n\t\t<\/div>\n\t\t\t\t\t\t\t<\/div>\n\t\t<\/section>\n\t\t\t\t\t<\/div>\n\t\t<\/div>\n\t\t\t\t\t\t\t<\/div>\n\t\t<\/section>\n\t\t\t\t\t\t\t<\/div>","protected":false},"excerpt":{"rendered":"<p>Ustavno pravo i ljudska prava Kao odvjetni\u010dki ured specijaliziran za ustavno pravo, pru\u017eamo na\u0161im klijentima usluge tuma\u010denja ustavnih normi, savjetovanja i za\u0161tite njihovih temeljnih prava i sloboda. Na\u0161a svrha je osigurati pravnu sigurnost, pravi\u010dnost i za\u0161titu interesa klijenata u skladu s ustavnim na\u010delima i propisima. Pravna podru\u010dja vezana uz imovinu i ugovore &#8211; Trgova\u010dko pravo&#8230;<\/p>","protected":false},"author":1,"featured_media":0,"parent":0,"menu_order":0,"comment_status":"closed","ping_status":"closed","template":"","meta":[],"yoast_head":"<!-- This site is optimized with the Yoast SEO plugin v20.11 - https:\/\/yoast.com\/wordpress\/plugins\/seo\/ -->\n<title>Pravna podru\u010dja - Odvjetnik Kozjak<\/title>\n<meta name=\"robots\" content=\"index, follow, max-snippet:-1, max-image-preview:large, max-video-preview:-1\" \/>\n<link rel=\"canonical\" href=\"https:\/\/odvjetnik-kozjak.hr\/en\/pravna-podrucja\/\" \/>\n<meta property=\"og:locale\" content=\"en_GB\" \/>\n<meta property=\"og:type\" content=\"article\" \/>\n<meta property=\"og:title\" content=\"Pravna podru\u010dja - Odvjetnik Kozjak\" \/>\n<meta property=\"og:description\" content=\"Ustavno pravo i ljudska prava Kao odvjetni\u010dki ured specijaliziran za ustavno pravo, pru\u017eamo na\u0161im klijentima usluge tuma\u010denja ustavnih normi, savjetovanja i za\u0161tite njihovih temeljnih prava i sloboda. Na\u0161a svrha je osigurati pravnu sigurnost, pravi\u010dnost i za\u0161titu interesa klijenata u skladu s ustavnim na\u010delima i propisima. Pravna podru\u010dja vezana uz imovinu i ugovore &#8211; Trgova\u010dko pravo...\" \/>\n<meta property=\"og:url\" content=\"https:\/\/odvjetnik-kozjak.hr\/en\/pravna-podrucja\/\" \/>\n<meta property=\"og:site_name\" content=\"Odvjetnik Kozjak\" \/>\n<meta property=\"article:modified_time\" content=\"2023-06-29T19:32:37+00:00\" \/>\n<meta name=\"twitter:card\" content=\"summary_large_image\" \/>\n<meta name=\"twitter:label1\" content=\"Estimated reading time\" \/>\n\t<meta name=\"twitter:data1\" content=\"1 minute\" \/>\n<script type=\"application\/ld+json\" class=\"yoast-schema-graph\">{\"@context\":\"https:\/\/schema.org\",\"@graph\":[{\"@type\":\"WebPage\",\"@id\":\"https:\/\/odvjetnik-kozjak.hr\/de\/pravna-podrucja\/\",\"url\":\"https:\/\/odvjetnik-kozjak.hr\/de\/pravna-podrucja\/\",\"name\":\"Pravna podru\u010dja - Odvjetnik Kozjak\",\"isPartOf\":{\"@id\":\"https:\/\/odvjetnik-kozjak.hr\/#website\"},\"datePublished\":\"2019-05-16T06:57:55+00:00\",\"dateModified\":\"2023-06-29T19:32:37+00:00\",\"breadcrumb\":{\"@id\":\"https:\/\/odvjetnik-kozjak.hr\/de\/pravna-podrucja\/#breadcrumb\"},\"inLanguage\":\"en-GB\",\"potentialAction\":[{\"@type\":\"ReadAction\",\"target\":[\"https:\/\/odvjetnik-kozjak.hr\/de\/pravna-podrucja\/\"]}]},{\"@type\":\"BreadcrumbList\",\"@id\":\"https:\/\/odvjetnik-kozjak.hr\/de\/pravna-podrucja\/#breadcrumb\",\"itemListElement\":[{\"@type\":\"ListItem\",\"position\":1,\"name\":\"Po\u010detna stranica\",\"item\":\"https:\/\/odvjetnik-kozjak.hr\/\"},{\"@type\":\"ListItem\",\"position\":2,\"name\":\"Pravna podru\u010dja\"}]},{\"@type\":\"WebSite\",\"@id\":\"https:\/\/odvjetnik-kozjak.hr\/#website\",\"url\":\"https:\/\/odvjetnik-kozjak.hr\/\",\"name\":\"Odvjetnik Boris Kozjak\",\"description\":\"Odvjetni\u010dki ured\",\"potentialAction\":[{\"@type\":\"SearchAction\",\"target\":{\"@type\":\"EntryPoint\",\"urlTemplate\":\"https:\/\/odvjetnik-kozjak.hr\/?s={search_term_string}\"},\"query-input\":\"required name=search_term_string\"}],\"inLanguage\":\"en-GB\"}]}<\/script>\n<!-- \/ Yoast SEO plugin. -->","yoast_head_json":{"title":"Pravna podru\u010dja - Odvjetnik Kozjak","robots":{"index":"index","follow":"follow","max-snippet":"max-snippet:-1","max-image-preview":"max-image-preview:large","max-video-preview":"max-video-preview:-1"},"canonical":"https:\/\/odvjetnik-kozjak.hr\/en\/pravna-podrucja\/","og_locale":"en_GB","og_type":"article","og_title":"Pravna podru\u010dja - Odvjetnik Kozjak","og_description":"Ustavno pravo i ljudska prava Kao odvjetni\u010dki ured specijaliziran za ustavno pravo, pru\u017eamo na\u0161im klijentima usluge tuma\u010denja ustavnih normi, savjetovanja i za\u0161tite njihovih temeljnih prava i sloboda. Na\u0161a svrha je osigurati pravnu sigurnost, pravi\u010dnost i za\u0161titu interesa klijenata u skladu s ustavnim na\u010delima i propisima. Pravna podru\u010dja vezana uz imovinu i ugovore &#8211; Trgova\u010dko pravo...","og_url":"https:\/\/odvjetnik-kozjak.hr\/en\/pravna-podrucja\/","og_site_name":"Odvjetnik Kozjak","article_modified_time":"2023-06-29T19:32:37+00:00","twitter_card":"summary_large_image","twitter_misc":{"Estimated reading time":"1 minute"},"schema":{"@context":"https:\/\/schema.org","@graph":[{"@type":"WebPage","@id":"https:\/\/odvjetnik-kozjak.hr\/de\/pravna-podrucja\/","url":"https:\/\/odvjetnik-kozjak.hr\/de\/pravna-podrucja\/","name":"Pravna podru\u010dja - Odvjetnik Kozjak","isPartOf":{"@id":"https:\/\/odvjetnik-kozjak.hr\/#website"},"datePublished":"2019-05-16T06:57:55+00:00","dateModified":"2023-06-29T19:32:37+00:00","breadcrumb":{"@id":"https:\/\/odvjetnik-kozjak.hr\/de\/pravna-podrucja\/#breadcrumb"},"inLanguage":"en-GB","potentialAction":[{"@type":"ReadAction","target":["https:\/\/odvjetnik-kozjak.hr\/de\/pravna-podrucja\/"]}]},{"@type":"BreadcrumbList","@id":"https:\/\/odvjetnik-kozjak.hr\/de\/pravna-podrucja\/#breadcrumb","itemListElement":[{"@type":"ListItem","position":1,"name":"Po\u010detna stranica","item":"https:\/\/odvjetnik-kozjak.hr\/"},{"@type":"ListItem","position":2,"name":"Pravna podru\u010dja"}]},{"@type":"WebSite","@id":"https:\/\/odvjetnik-kozjak.hr\/#website","url":"https:\/\/odvjetnik-kozjak.hr\/","name":"Odvjetnik Boris Kozjak","description":"Odvjetni\u010dki ured","potentialAction":[{"@type":"SearchAction","target":{"@type":"EntryPoint","urlTemplate":"https:\/\/odvjetnik-kozjak.hr\/?s={search_term_string}"},"query-input":"required name=search_term_string"}],"inLanguage":"en-GB"}]}},"_links":{"self":[{"href":"https:\/\/odvjetnik-kozjak.hr\/en\/wp-json\/wp\/v2\/pages\/611"}],"collection":[{"href":"https:\/\/odvjetnik-kozjak.hr\/en\/wp-json\/wp\/v2\/pages"}],"about":[{"href":"https:\/\/odvjetnik-kozjak.hr\/en\/wp-json\/wp\/v2\/types\/page"}],"author":[{"embeddable":true,"href":"https:\/\/odvjetnik-kozjak.hr\/en\/wp-json\/wp\/v2\/users\/1"}],"replies":[{"embeddable":true,"href":"https:\/\/odvjetnik-kozjak.hr\/en\/wp-json\/wp\/v2\/comments?post=611"}],"version-history":[{"count":11,"href":"https:\/\/odvjetnik-kozjak.hr\/en\/wp-json\/wp\/v2\/pages\/611\/revisions"}],"predecessor-version":[{"id":6208,"href":"https:\/\/odvjetnik-kozjak.hr\/en\/wp-json\/wp\/v2\/pages\/611\/revisions\/6208"}],"wp:attachment":[{"href":"https:\/\/odvjetnik-kozjak.hr\/en\/wp-json\/wp\/v2\/media?parent=611"}],"curies":[{"name":"wp","href":"https:\/\/api.w.org\/{rel}","templated":true}]}}