{"id":6183,"date":"2023-06-29T21:22:12","date_gmt":"2023-06-29T19:22:12","guid":{"rendered":"https:\/\/odvjetnik-kozjak.hr\/?page_id=6183"},"modified":"2023-06-29T21:24:28","modified_gmt":"2023-06-29T19:24:28","slug":"izjava-o-kolacicima","status":"publish","type":"page","link":"https:\/\/odvjetnik-kozjak.hr\/en\/izjava-o-kolacicima\/","title":{"rendered":"Cookie statement"},"content":{"rendered":"<div data-elementor-type=\"wp-page\" data-elementor-id=\"6183\" class=\"elementor elementor-6183\">\n\t\t\t\t\t\t\t\t\t<section class=\"elementor-section elementor-top-section elementor-element elementor-element-6c2d275c elementor-section-boxed elementor-section-height-default elementor-section-height-default\" data-id=\"6c2d275c\" data-element_type=\"section\">\n\t\t\t\t\t\t<div class=\"elementor-container elementor-column-gap-default\">\n\t\t\t\t\t<div class=\"elementor-column elementor-col-100 elementor-top-column elementor-element elementor-element-3a476bf6\" data-id=\"3a476bf6\" data-element_type=\"column\">\n\t\t\t<div class=\"elementor-widget-wrap elementor-element-populated\">\n\t\t\t\t\t\t\t\t<div class=\"elementor-element elementor-element-7643cccb elementor-widget elementor-widget-text-editor\" data-id=\"7643cccb\" data-element_type=\"widget\" data-widget_type=\"text-editor.default\">\n\t\t\t\t<div class=\"elementor-widget-container\">\n\t\t\t<style>\/*! elementor - v3.14.0 - 26-06-2023 *\/\n.elementor-widget-text-editor.elementor-drop-cap-view-stacked .elementor-drop-cap{background-color:#69727d;color:#fff}.elementor-widget-text-editor.elementor-drop-cap-view-framed .elementor-drop-cap{color:#69727d;border:3px solid;background-color:transparent}.elementor-widget-text-editor:not(.elementor-drop-cap-view-default) .elementor-drop-cap{margin-top:8px}.elementor-widget-text-editor:not(.elementor-drop-cap-view-default) .elementor-drop-cap-letter{width:1em;height:1em}.elementor-widget-text-editor .elementor-drop-cap{float:left;text-align:center;line-height:1;font-size:50px}.elementor-widget-text-editor .elementor-drop-cap-letter{display:inline-block}<\/style>\t\t\t\t<p><!-- wp:paragraph --><\/p>\n<p>This website uses cookies. By continuing to use this website, you accept our use of cookies.<\/p>\n<p><!-- \/wp:paragraph --><!-- wp:paragraph --><\/p>\n<p><strong>WHAT IS A COOKIE?<\/strong><\/p>\n<p><!-- \/wp:paragraph --><!-- wp:paragraph --><\/p>\n<p>A cookie is information saved on your computer (or mobile phone) by the website you visit. Cookies are small text files used by websites to improve the user experience. The law allows cookies to be stored on your device if they are specifically required for the operation of the site. We need your permission for all other types of cookies.<\/p>\n<p><!-- \/wp:paragraph --><!-- wp:paragraph --><\/p>\n<p><strong>WHY DO WE USE COOKIES?<\/strong><\/p>\n<p><!-- \/wp:paragraph --><!-- wp:paragraph --><\/p>\n<p>We use cookies to personalize content and ads. We may enable social media features and analyze traffic.<\/p>\n<p><!-- \/wp:paragraph --><!-- wp:paragraph --><\/p>\n<p><strong>FOR WHAT PURPOSES DO WE USE COOKIES?<\/strong><\/p>\n<p><!-- \/wp:paragraph --><!-- wp:paragraph --><\/p>\n<p>This website uses cookies:<\/p>\n<p><!-- \/wp:paragraph --><!-- wp:list --><\/p>\n<ul><!-- wp:list-item -->\n<li>For the website to work properly,<\/li>\n<!-- \/wp:list-item --><!-- wp:list-item -->\n<li>To personalize content and ads,<\/li>\n<!-- \/wp:list-item --><!-- wp:list-item -->\n<li>Enabled social media features,<\/li>\n<!-- \/wp:list-item --><!-- wp:list-item -->\n<li>For a better user experience for visitors to this website,<\/li>\n<!-- \/wp:list-item --><!-- wp:list-item -->\n<li>For statistics on visits to this website<\/li>\n<!-- \/wp:list-item --><\/ul>\n<p><!-- \/wp:list --><!-- wp:paragraph --><\/p>\n<p><strong>WHAT TYPES OF COOKIES ARE THERE?<\/strong><\/p>\n<p><!-- \/wp:paragraph --><!-- wp:paragraph --><\/p>\n<p>Cookies according to duration:<\/p>\n<p><!-- \/wp:paragraph --><!-- wp:list --><\/p>\n<ul><!-- wp:list-item -->\n<li><strong>TEMPORARY COOKIES (SESSION COOKIES)<\/strong>\u00a0\u2013 They are removed when you close your Internet browser that you are using. These cookies are necessary for certain functionalities on this page.<\/li>\n<!-- \/wp:list-item --><!-- wp:list-item -->\n<li><strong>PERMANENT COOKIES<\/strong>\u00a0- They remain on your computer even after closing the Internet browser. The time period will depend on the choice of settings on your internet browser. They serve to store data. A good example is the storage of your username or password when entering a website.<\/li>\n<!-- \/wp:list-item --><\/ul>\n<p><!-- \/wp:list --><!-- wp:paragraph --><\/p>\n<p>Cookies by source:<\/p>\n<p><!-- \/wp:paragraph --><!-- wp:list --><\/p>\n<ul><!-- wp:list-item -->\n<li><strong>FIRST PAGE COOKIES<\/strong>\u00a0\u2013 come from the website you are on. These cookies can be temporary or permanent.<\/li>\n<!-- \/wp:list-item --><!-- wp:list-item -->\n<li><strong>THIRD PARTY COOKIES<\/strong>\u00a0- are used for external services (Google Analytics). Using third-party cookies, external services collect anonymous visitor data and serve as help in analyzing the number of visitors, website usage, and the like. You should refer to the privacy policy of that third party. If you are in the European Union, you can find out how third parties use these types of cookies at the link http:\/\/www.youronlinechoices.eu\/<\/li>\n<!-- \/wp:list-item --><\/ul>\n<p><!-- \/wp:list --><!-- wp:paragraph --><\/p>\n<p>Cookies according to purpose:<\/p>\n<p><!-- \/wp:paragraph --><!-- wp:list --><\/p>\n<ul><!-- wp:list-item -->\n<li><strong>NECESSARY COOKIES,<\/strong><\/li>\n<!-- \/wp:list-item --><!-- wp:list-item -->\n<li><strong>COOKIES FOR SETTINGS,<\/strong><\/li>\n<!-- \/wp:list-item --><!-- wp:list-item -->\n<li><strong>STATISTICAL COOKIES,<\/strong><\/li>\n<!-- \/wp:list-item --><!-- wp:list-item -->\n<li><strong>MARKETING COOKIES.<\/strong><\/li>\n<!-- \/wp:list-item --><\/ul>\n<p><!-- \/wp:list --><!-- wp:paragraph --><\/p>\n<p><strong>HOW TO ACCEPT OR DISABLE COOKIES?<\/strong><\/p>\n<p><!-- \/wp:paragraph --><!-- wp:paragraph --><\/p>\n<p>You can change or withdraw your consent to the use of cookies at any time. By turning off cookies (other than necessary), you decide whether you want to allow cookies to be stored on your computer.<\/p>\n<p><!-- \/wp:paragraph --><!-- wp:paragraph --><\/p>\n<p>By clicking on the cookie settings where you can change your consent or withdraw your consent is located at the foot of this website.<\/p>\n<p><!-- \/wp:paragraph --><!-- wp:paragraph --><\/p>\n<p>See how we collect and process your personal data in our Privacy Policy on this website.<\/p>\n<p><!-- \/wp:paragraph --><!-- wp:paragraph --><\/p>\n<p>Your consent refers to the domain: https:\/\/odvjetnik-kozjak.hr<\/p>\n<p><!-- \/wp:paragraph --><\/p>\t\t\t\t\t\t<\/div>\n\t\t\t\t<\/div>\n\t\t\t\t\t<\/div>\n\t\t<\/div>\n\t\t\t\t\t\t\t<\/div>\n\t\t<\/section>\n\t\t\t\t\t\t\t<\/div>","protected":false},"excerpt":{"rendered":"<p>Ova web-stranica koristi kola\u010di\u0107e. Nastavkom kori\u0161tenja ove web stranice vi prihva\u0107ate na\u0161u upotrebu kola\u010di\u0107a. \u0160TO JE KOLA\u010cI\u0106 (COOKIE)? Kola\u010di\u0107 je informacija spremljena na Va\u0161e ra\u010dunalo (ili mobitel) od strane web stranice koju posjetite. Kola\u010di\u0107i su male tekstne datoteke kojima se koriste internetske stranice kako bi unaprijedile korisni\u010dko iskustvo. Zakon dopu\u0161ta spremanje kola\u010di\u0107a na va\u0161 ure\u0111aj&#8230;<\/p>","protected":false},"author":1,"featured_media":0,"parent":0,"menu_order":0,"comment_status":"closed","ping_status":"closed","template":"","meta":[],"yoast_head":"<!-- This site is optimized with the Yoast SEO plugin v20.11 - https:\/\/yoast.com\/wordpress\/plugins\/seo\/ -->\n<title>Izjava o kola\u010di\u0107ima - Odvjetnik Kozjak<\/title>\n<meta name=\"robots\" content=\"index, follow, max-snippet:-1, max-image-preview:large, max-video-preview:-1\" \/>\n<link rel=\"canonical\" href=\"https:\/\/odvjetnik-kozjak.hr\/en\/izjava-o-kolacicima\/\" \/>\n<meta property=\"og:locale\" content=\"en_GB\" \/>\n<meta property=\"og:type\" content=\"article\" \/>\n<meta property=\"og:title\" content=\"Izjava o kola\u010di\u0107ima - Odvjetnik Kozjak\" \/>\n<meta property=\"og:description\" content=\"Ova web-stranica koristi kola\u010di\u0107e. Nastavkom kori\u0161tenja ove web stranice vi prihva\u0107ate na\u0161u upotrebu kola\u010di\u0107a. \u0160TO JE KOLA\u010cI\u0106 (COOKIE)? Kola\u010di\u0107 je informacija spremljena na Va\u0161e ra\u010dunalo (ili mobitel) od strane web stranice koju posjetite. Kola\u010di\u0107i su male tekstne datoteke kojima se koriste internetske stranice kako bi unaprijedile korisni\u010dko iskustvo. Zakon dopu\u0161ta spremanje kola\u010di\u0107a na va\u0161 ure\u0111aj...\" \/>\n<meta property=\"og:url\" content=\"https:\/\/odvjetnik-kozjak.hr\/en\/izjava-o-kolacicima\/\" \/>\n<meta property=\"og:site_name\" content=\"Odvjetnik Kozjak\" \/>\n<meta property=\"article:modified_time\" content=\"2023-06-29T19:24:28+00:00\" \/>\n<meta name=\"twitter:card\" content=\"summary_large_image\" \/>\n<meta name=\"twitter:label1\" content=\"Estimated reading time\" \/>\n\t<meta name=\"twitter:data1\" content=\"2 minutes\" \/>\n<script type=\"application\/ld+json\" class=\"yoast-schema-graph\">{\"@context\":\"https:\/\/schema.org\",\"@graph\":[{\"@type\":\"WebPage\",\"@id\":\"https:\/\/odvjetnik-kozjak.hr\/de\/izjava-o-kolacicima\/\",\"url\":\"https:\/\/odvjetnik-kozjak.hr\/de\/izjava-o-kolacicima\/\",\"name\":\"Izjava o kola\u010di\u0107ima - Odvjetnik Kozjak\",\"isPartOf\":{\"@id\":\"https:\/\/odvjetnik-kozjak.hr\/#website\"},\"datePublished\":\"2023-06-29T19:22:12+00:00\",\"dateModified\":\"2023-06-29T19:24:28+00:00\",\"breadcrumb\":{\"@id\":\"https:\/\/odvjetnik-kozjak.hr\/de\/izjava-o-kolacicima\/#breadcrumb\"},\"inLanguage\":\"en-GB\",\"potentialAction\":[{\"@type\":\"ReadAction\",\"target\":[\"https:\/\/odvjetnik-kozjak.hr\/de\/izjava-o-kolacicima\/\"]}]},{\"@type\":\"BreadcrumbList\",\"@id\":\"https:\/\/odvjetnik-kozjak.hr\/de\/izjava-o-kolacicima\/#breadcrumb\",\"itemListElement\":[{\"@type\":\"ListItem\",\"position\":1,\"name\":\"Po\u010detna stranica\",\"item\":\"https:\/\/odvjetnik-kozjak.hr\/\"},{\"@type\":\"ListItem\",\"position\":2,\"name\":\"Izjava o kola\u010di\u0107ima\"}]},{\"@type\":\"WebSite\",\"@id\":\"https:\/\/odvjetnik-kozjak.hr\/#website\",\"url\":\"https:\/\/odvjetnik-kozjak.hr\/\",\"name\":\"Odvjetnik Boris Kozjak\",\"description\":\"Odvjetni\u010dki ured\",\"potentialAction\":[{\"@type\":\"SearchAction\",\"target\":{\"@type\":\"EntryPoint\",\"urlTemplate\":\"https:\/\/odvjetnik-kozjak.hr\/?s={search_term_string}\"},\"query-input\":\"required name=search_term_string\"}],\"inLanguage\":\"en-GB\"}]}<\/script>\n<!-- \/ Yoast SEO plugin. -->","yoast_head_json":{"title":"Izjava o kola\u010di\u0107ima - Odvjetnik Kozjak","robots":{"index":"index","follow":"follow","max-snippet":"max-snippet:-1","max-image-preview":"max-image-preview:large","max-video-preview":"max-video-preview:-1"},"canonical":"https:\/\/odvjetnik-kozjak.hr\/en\/izjava-o-kolacicima\/","og_locale":"en_GB","og_type":"article","og_title":"Izjava o kola\u010di\u0107ima - Odvjetnik Kozjak","og_description":"Ova web-stranica koristi kola\u010di\u0107e. Nastavkom kori\u0161tenja ove web stranice vi prihva\u0107ate na\u0161u upotrebu kola\u010di\u0107a. \u0160TO JE KOLA\u010cI\u0106 (COOKIE)? Kola\u010di\u0107 je informacija spremljena na Va\u0161e ra\u010dunalo (ili mobitel) od strane web stranice koju posjetite. Kola\u010di\u0107i su male tekstne datoteke kojima se koriste internetske stranice kako bi unaprijedile korisni\u010dko iskustvo. Zakon dopu\u0161ta spremanje kola\u010di\u0107a na va\u0161 ure\u0111aj...","og_url":"https:\/\/odvjetnik-kozjak.hr\/en\/izjava-o-kolacicima\/","og_site_name":"Odvjetnik Kozjak","article_modified_time":"2023-06-29T19:24:28+00:00","twitter_card":"summary_large_image","twitter_misc":{"Estimated reading time":"2 minutes"},"schema":{"@context":"https:\/\/schema.org","@graph":[{"@type":"WebPage","@id":"https:\/\/odvjetnik-kozjak.hr\/de\/izjava-o-kolacicima\/","url":"https:\/\/odvjetnik-kozjak.hr\/de\/izjava-o-kolacicima\/","name":"Izjava o kola\u010di\u0107ima - Odvjetnik Kozjak","isPartOf":{"@id":"https:\/\/odvjetnik-kozjak.hr\/#website"},"datePublished":"2023-06-29T19:22:12+00:00","dateModified":"2023-06-29T19:24:28+00:00","breadcrumb":{"@id":"https:\/\/odvjetnik-kozjak.hr\/de\/izjava-o-kolacicima\/#breadcrumb"},"inLanguage":"en-GB","potentialAction":[{"@type":"ReadAction","target":["https:\/\/odvjetnik-kozjak.hr\/de\/izjava-o-kolacicima\/"]}]},{"@type":"BreadcrumbList","@id":"https:\/\/odvjetnik-kozjak.hr\/de\/izjava-o-kolacicima\/#breadcrumb","itemListElement":[{"@type":"ListItem","position":1,"name":"Po\u010detna stranica","item":"https:\/\/odvjetnik-kozjak.hr\/"},{"@type":"ListItem","position":2,"name":"Izjava o kola\u010di\u0107ima"}]},{"@type":"WebSite","@id":"https:\/\/odvjetnik-kozjak.hr\/#website","url":"https:\/\/odvjetnik-kozjak.hr\/","name":"Odvjetnik Boris Kozjak","description":"Odvjetni\u010dki ured","potentialAction":[{"@type":"SearchAction","target":{"@type":"EntryPoint","urlTemplate":"https:\/\/odvjetnik-kozjak.hr\/?s={search_term_string}"},"query-input":"required name=search_term_string"}],"inLanguage":"en-GB"}]}},"_links":{"self":[{"href":"https:\/\/odvjetnik-kozjak.hr\/en\/wp-json\/wp\/v2\/pages\/6183"}],"collection":[{"href":"https:\/\/odvjetnik-kozjak.hr\/en\/wp-json\/wp\/v2\/pages"}],"about":[{"href":"https:\/\/odvjetnik-kozjak.hr\/en\/wp-json\/wp\/v2\/types\/page"}],"author":[{"embeddable":true,"href":"https:\/\/odvjetnik-kozjak.hr\/en\/wp-json\/wp\/v2\/users\/1"}],"replies":[{"embeddable":true,"href":"https:\/\/odvjetnik-kozjak.hr\/en\/wp-json\/wp\/v2\/comments?post=6183"}],"version-history":[{"count":5,"href":"https:\/\/odvjetnik-kozjak.hr\/en\/wp-json\/wp\/v2\/pages\/6183\/revisions"}],"predecessor-version":[{"id":6188,"href":"https:\/\/odvjetnik-kozjak.hr\/en\/wp-json\/wp\/v2\/pages\/6183\/revisions\/6188"}],"wp:attachment":[{"href":"https:\/\/odvjetnik-kozjak.hr\/en\/wp-json\/wp\/v2\/media?parent=6183"}],"curies":[{"name":"wp","href":"https:\/\/api.w.org\/{rel}","templated":true}]}}